{"id":900,"date":"2022-11-17T15:16:40","date_gmt":"2022-11-17T14:16:40","guid":{"rendered":"https:\/\/www.bike-guides.de\/?page_id=900"},"modified":"2023-03-30T01:32:45","modified_gmt":"2023-03-29T23:32:45","slug":"individuell-auf-e-mountainbike-tour-gehen","status":"publish","type":"page","link":"https:\/\/www.bike-guides.de\/index.php\/individuell-auf-e-mountainbike-tour-gehen\/","title":{"rendered":"Individuell auf E-Mountainbike-Tour gehen"},"content":{"rendered":"\n<p>Du hast spontan Lust auf eine Tour &#8211; oder organisierst etwas f\u00fcr deine Freunde, bist zuf\u00e4llig in der N\u00e4he und suchst nach einem besonderen Erlebnis?<\/p>\n\n\n\n<p>Wir gehen mit dir nach Absprache gerne auch spontan auf Tour, auch mal einen halben Tag oder starten nachmittags &#8211; oder planen mit dir ein Event nach deinen Vorstellungen auch f\u00fcr mehrere Tage&#8230;<\/p>\n\n\n\n<p>Nicht z\u00f6gern &#8211; kontaktier uns&#8230;.<\/p>\n\n\n\n<figure class=\"wp-block-image size-full\"><img loading=\"lazy\" decoding=\"async\" width=\"200\" height=\"257\" src=\"https:\/\/www.bike-guides.de\/wp-content\/uploads\/2022\/10\/Motto-Logo-e1665597120190.png\" alt=\"\" class=\"wp-image-189\"\/><\/figure>\n\n\n\n<p><em>Du bist hier:<br><a href=\"https:\/\/www.bike-guides.de\/\">Startseite<\/a> &gt;&gt; <a href=\"https:\/\/www.bike-guides.de\/index.php\/angebot-e-mountainbike-touren\/\">Das Angebot<\/a> &gt;&gt; <\/em>Individuell<\/p>\n","protected":false},"excerpt":{"rendered":"<p>Du hast spontan Lust auf eine Tour &#8211; oder organisierst etwas f\u00fcr deine Freunde, bist zuf\u00e4llig in der N\u00e4he und suchst nach einem besonderen Erlebnis? Wir gehen mit dir nach Absprache gerne auch spontan auf Tour, auch mal einen halben Tag oder starten nachmittags &#8211; oder planen mit dir ein Event nach deinen Vorstellungen auch &hellip; <\/p>\n<p class=\"link-more\"><a href=\"https:\/\/www.bike-guides.de\/index.php\/individuell-auf-e-mountainbike-tour-gehen\/\" class=\"more-link\"><span class=\"screen-reader-text\">\u201eIndividuell auf E-Mountainbike-Tour gehen\u201c <\/span>weiterlesen<\/a><\/p>\n","protected":false},"author":1,"featured_media":1280,"parent":0,"menu_order":0,"comment_status":"closed","ping_status":"closed","template":"","meta":{"jetpack_post_was_ever_published":false,"footnotes":""},"class_list":["post-900","page","type-page","status-publish","has-post-thumbnail","hentry"],"yoast_head":"<!-- This site is optimized with the Yoast SEO plugin v27.6 - https:\/\/yoast.com\/product\/yoast-seo-wordpress\/ -->\n<title>Individuell auf E-Mountainbike-Tour gehen - Bike-Guides Weinheim<\/title>\n<meta name=\"robots\" content=\"index, follow, max-snippet:-1, max-image-preview:large, max-video-preview:-1\" \/>\n<link rel=\"canonical\" href=\"https:\/\/www.bike-guides.de\/index.php\/individuell-auf-e-mountainbike-tour-gehen\/\" \/>\n<meta property=\"og:locale\" content=\"de_DE\" \/>\n<meta property=\"og:type\" content=\"article\" \/>\n<meta property=\"og:title\" content=\"Individuell auf E-Mountainbike-Tour gehen - Bike-Guides Weinheim\" \/>\n<meta property=\"og:description\" content=\"Du hast spontan Lust auf eine Tour &#8211; oder organisierst etwas f\u00fcr deine Freunde, bist zuf\u00e4llig in der N\u00e4he und suchst nach einem besonderen Erlebnis? Wir gehen mit dir nach Absprache gerne auch spontan auf Tour, auch mal einen halben Tag oder starten nachmittags &#8211; oder planen mit dir ein Event nach deinen Vorstellungen auch &hellip; \u201eIndividuell auf E-Mountainbike-Tour gehen\u201c weiterlesen\" \/>\n<meta property=\"og:url\" content=\"https:\/\/www.bike-guides.de\/index.php\/individuell-auf-e-mountainbike-tour-gehen\/\" \/>\n<meta property=\"og:site_name\" content=\"Bike-Guides Weinheim\" \/>\n<meta property=\"article:modified_time\" content=\"2023-03-29T23:32:45+00:00\" \/>\n<meta property=\"og:image\" content=\"https:\/\/www.bike-guides.de\/wp-content\/uploads\/2023\/03\/indi-titel.jpg\" \/>\n\t<meta property=\"og:image:width\" content=\"2000\" \/>\n\t<meta property=\"og:image:height\" content=\"1333\" \/>\n\t<meta property=\"og:image:type\" content=\"image\/jpeg\" \/>\n<meta name=\"twitter:card\" content=\"summary_large_image\" \/>\n<meta name=\"twitter:label1\" content=\"Gesch\u00e4tzte Lesezeit\" \/>\n\t<meta name=\"twitter:data1\" content=\"1\u00a0Minute\" \/>\n<script type=\"application\/ld+json\" class=\"yoast-schema-graph\">{\"@context\":\"https:\\\/\\\/schema.org\",\"@graph\":[{\"@type\":\"WebPage\",\"@id\":\"https:\\\/\\\/www.bike-guides.de\\\/index.php\\\/individuell-auf-e-mountainbike-tour-gehen\\\/\",\"url\":\"https:\\\/\\\/www.bike-guides.de\\\/index.php\\\/individuell-auf-e-mountainbike-tour-gehen\\\/\",\"name\":\"Individuell auf E-Mountainbike-Tour gehen - Bike-Guides Weinheim\",\"isPartOf\":{\"@id\":\"https:\\\/\\\/www.bike-guides.de\\\/#website\"},\"primaryImageOfPage\":{\"@id\":\"https:\\\/\\\/www.bike-guides.de\\\/index.php\\\/individuell-auf-e-mountainbike-tour-gehen\\\/#primaryimage\"},\"image\":{\"@id\":\"https:\\\/\\\/www.bike-guides.de\\\/index.php\\\/individuell-auf-e-mountainbike-tour-gehen\\\/#primaryimage\"},\"thumbnailUrl\":\"https:\\\/\\\/www.bike-guides.de\\\/wp-content\\\/uploads\\\/2023\\\/03\\\/indi-titel.jpg\",\"datePublished\":\"2022-11-17T14:16:40+00:00\",\"dateModified\":\"2023-03-29T23:32:45+00:00\",\"breadcrumb\":{\"@id\":\"https:\\\/\\\/www.bike-guides.de\\\/index.php\\\/individuell-auf-e-mountainbike-tour-gehen\\\/#breadcrumb\"},\"inLanguage\":\"de\",\"potentialAction\":[{\"@type\":\"ReadAction\",\"target\":[\"https:\\\/\\\/www.bike-guides.de\\\/index.php\\\/individuell-auf-e-mountainbike-tour-gehen\\\/\"]}]},{\"@type\":\"ImageObject\",\"inLanguage\":\"de\",\"@id\":\"https:\\\/\\\/www.bike-guides.de\\\/index.php\\\/individuell-auf-e-mountainbike-tour-gehen\\\/#primaryimage\",\"url\":\"https:\\\/\\\/www.bike-guides.de\\\/wp-content\\\/uploads\\\/2023\\\/03\\\/indi-titel.jpg\",\"contentUrl\":\"https:\\\/\\\/www.bike-guides.de\\\/wp-content\\\/uploads\\\/2023\\\/03\\\/indi-titel.jpg\",\"width\":2000,\"height\":1333,\"caption\":\"Mountainbiker\"},{\"@type\":\"BreadcrumbList\",\"@id\":\"https:\\\/\\\/www.bike-guides.de\\\/index.php\\\/individuell-auf-e-mountainbike-tour-gehen\\\/#breadcrumb\",\"itemListElement\":[{\"@type\":\"ListItem\",\"position\":1,\"name\":\"Startseite\",\"item\":\"https:\\\/\\\/www.bike-guides.de\\\/\"},{\"@type\":\"ListItem\",\"position\":2,\"name\":\"Individuell auf E-Mountainbike-Tour gehen\"}]},{\"@type\":\"WebSite\",\"@id\":\"https:\\\/\\\/www.bike-guides.de\\\/#website\",\"url\":\"https:\\\/\\\/www.bike-guides.de\\\/\",\"name\":\"Bike-Guides Weinheim\",\"description\":\"Gef\u00fchrte Touren und Events mit dem E-Mountainbike im Odenwald\",\"publisher\":{\"@id\":\"https:\\\/\\\/www.bike-guides.de\\\/#organization\"},\"potentialAction\":[{\"@type\":\"SearchAction\",\"target\":{\"@type\":\"EntryPoint\",\"urlTemplate\":\"https:\\\/\\\/www.bike-guides.de\\\/?s={search_term_string}\"},\"query-input\":{\"@type\":\"PropertyValueSpecification\",\"valueRequired\":true,\"valueName\":\"search_term_string\"}}],\"inLanguage\":\"de\"},{\"@type\":\"Organization\",\"@id\":\"https:\\\/\\\/www.bike-guides.de\\\/#organization\",\"name\":\"Bike-Guides Weinheim\",\"url\":\"https:\\\/\\\/www.bike-guides.de\\\/\",\"logo\":{\"@type\":\"ImageObject\",\"inLanguage\":\"de\",\"@id\":\"https:\\\/\\\/www.bike-guides.de\\\/#\\\/schema\\\/logo\\\/image\\\/\",\"url\":\"https:\\\/\\\/www.bike-guides.de\\\/wp-content\\\/uploads\\\/2022\\\/10\\\/cropped-logo-wei-wei.png\",\"contentUrl\":\"https:\\\/\\\/www.bike-guides.de\\\/wp-content\\\/uploads\\\/2022\\\/10\\\/cropped-logo-wei-wei.png\",\"width\":313,\"height\":250,\"caption\":\"Bike-Guides Weinheim\"},\"image\":{\"@id\":\"https:\\\/\\\/www.bike-guides.de\\\/#\\\/schema\\\/logo\\\/image\\\/\"}}]}<\/script>\n<!-- \/ Yoast SEO plugin. -->","yoast_head_json":{"title":"Individuell auf E-Mountainbike-Tour gehen - Bike-Guides Weinheim","robots":{"index":"index","follow":"follow","max-snippet":"max-snippet:-1","max-image-preview":"max-image-preview:large","max-video-preview":"max-video-preview:-1"},"canonical":"https:\/\/www.bike-guides.de\/index.php\/individuell-auf-e-mountainbike-tour-gehen\/","og_locale":"de_DE","og_type":"article","og_title":"Individuell auf E-Mountainbike-Tour gehen - Bike-Guides Weinheim","og_description":"Du hast spontan Lust auf eine Tour &#8211; oder organisierst etwas f\u00fcr deine Freunde, bist zuf\u00e4llig in der N\u00e4he und suchst nach einem besonderen Erlebnis? Wir gehen mit dir nach Absprache gerne auch spontan auf Tour, auch mal einen halben Tag oder starten nachmittags &#8211; oder planen mit dir ein Event nach deinen Vorstellungen auch &hellip; \u201eIndividuell auf E-Mountainbike-Tour gehen\u201c weiterlesen","og_url":"https:\/\/www.bike-guides.de\/index.php\/individuell-auf-e-mountainbike-tour-gehen\/","og_site_name":"Bike-Guides Weinheim","article_modified_time":"2023-03-29T23:32:45+00:00","og_image":[{"width":2000,"height":1333,"url":"https:\/\/www.bike-guides.de\/wp-content\/uploads\/2023\/03\/indi-titel.jpg","type":"image\/jpeg"}],"twitter_card":"summary_large_image","twitter_misc":{"Gesch\u00e4tzte Lesezeit":"1\u00a0Minute"},"schema":{"@context":"https:\/\/schema.org","@graph":[{"@type":"WebPage","@id":"https:\/\/www.bike-guides.de\/index.php\/individuell-auf-e-mountainbike-tour-gehen\/","url":"https:\/\/www.bike-guides.de\/index.php\/individuell-auf-e-mountainbike-tour-gehen\/","name":"Individuell auf E-Mountainbike-Tour gehen - Bike-Guides Weinheim","isPartOf":{"@id":"https:\/\/www.bike-guides.de\/#website"},"primaryImageOfPage":{"@id":"https:\/\/www.bike-guides.de\/index.php\/individuell-auf-e-mountainbike-tour-gehen\/#primaryimage"},"image":{"@id":"https:\/\/www.bike-guides.de\/index.php\/individuell-auf-e-mountainbike-tour-gehen\/#primaryimage"},"thumbnailUrl":"https:\/\/www.bike-guides.de\/wp-content\/uploads\/2023\/03\/indi-titel.jpg","datePublished":"2022-11-17T14:16:40+00:00","dateModified":"2023-03-29T23:32:45+00:00","breadcrumb":{"@id":"https:\/\/www.bike-guides.de\/index.php\/individuell-auf-e-mountainbike-tour-gehen\/#breadcrumb"},"inLanguage":"de","potentialAction":[{"@type":"ReadAction","target":["https:\/\/www.bike-guides.de\/index.php\/individuell-auf-e-mountainbike-tour-gehen\/"]}]},{"@type":"ImageObject","inLanguage":"de","@id":"https:\/\/www.bike-guides.de\/index.php\/individuell-auf-e-mountainbike-tour-gehen\/#primaryimage","url":"https:\/\/www.bike-guides.de\/wp-content\/uploads\/2023\/03\/indi-titel.jpg","contentUrl":"https:\/\/www.bike-guides.de\/wp-content\/uploads\/2023\/03\/indi-titel.jpg","width":2000,"height":1333,"caption":"Mountainbiker"},{"@type":"BreadcrumbList","@id":"https:\/\/www.bike-guides.de\/index.php\/individuell-auf-e-mountainbike-tour-gehen\/#breadcrumb","itemListElement":[{"@type":"ListItem","position":1,"name":"Startseite","item":"https:\/\/www.bike-guides.de\/"},{"@type":"ListItem","position":2,"name":"Individuell auf E-Mountainbike-Tour gehen"}]},{"@type":"WebSite","@id":"https:\/\/www.bike-guides.de\/#website","url":"https:\/\/www.bike-guides.de\/","name":"Bike-Guides Weinheim","description":"Gef\u00fchrte Touren und Events mit dem E-Mountainbike im Odenwald","publisher":{"@id":"https:\/\/www.bike-guides.de\/#organization"},"potentialAction":[{"@type":"SearchAction","target":{"@type":"EntryPoint","urlTemplate":"https:\/\/www.bike-guides.de\/?s={search_term_string}"},"query-input":{"@type":"PropertyValueSpecification","valueRequired":true,"valueName":"search_term_string"}}],"inLanguage":"de"},{"@type":"Organization","@id":"https:\/\/www.bike-guides.de\/#organization","name":"Bike-Guides Weinheim","url":"https:\/\/www.bike-guides.de\/","logo":{"@type":"ImageObject","inLanguage":"de","@id":"https:\/\/www.bike-guides.de\/#\/schema\/logo\/image\/","url":"https:\/\/www.bike-guides.de\/wp-content\/uploads\/2022\/10\/cropped-logo-wei-wei.png","contentUrl":"https:\/\/www.bike-guides.de\/wp-content\/uploads\/2022\/10\/cropped-logo-wei-wei.png","width":313,"height":250,"caption":"Bike-Guides Weinheim"},"image":{"@id":"https:\/\/www.bike-guides.de\/#\/schema\/logo\/image\/"}}]}},"jetpack_sharing_enabled":true,"_links":{"self":[{"href":"https:\/\/www.bike-guides.de\/index.php\/wp-json\/wp\/v2\/pages\/900","targetHints":{"allow":["GET"]}}],"collection":[{"href":"https:\/\/www.bike-guides.de\/index.php\/wp-json\/wp\/v2\/pages"}],"about":[{"href":"https:\/\/www.bike-guides.de\/index.php\/wp-json\/wp\/v2\/types\/page"}],"author":[{"embeddable":true,"href":"https:\/\/www.bike-guides.de\/index.php\/wp-json\/wp\/v2\/users\/1"}],"replies":[{"embeddable":true,"href":"https:\/\/www.bike-guides.de\/index.php\/wp-json\/wp\/v2\/comments?post=900"}],"version-history":[{"count":6,"href":"https:\/\/www.bike-guides.de\/index.php\/wp-json\/wp\/v2\/pages\/900\/revisions"}],"predecessor-version":[{"id":917,"href":"https:\/\/www.bike-guides.de\/index.php\/wp-json\/wp\/v2\/pages\/900\/revisions\/917"}],"wp:featuredmedia":[{"embeddable":true,"href":"https:\/\/www.bike-guides.de\/index.php\/wp-json\/wp\/v2\/media\/1280"}],"wp:attachment":[{"href":"https:\/\/www.bike-guides.de\/index.php\/wp-json\/wp\/v2\/media?parent=900"}],"curies":[{"name":"wp","href":"https:\/\/api.w.org\/{rel}","templated":true}]}}