{"id":742,"date":"2022-11-12T08:19:11","date_gmt":"2022-11-12T07:19:11","guid":{"rendered":"https:\/\/www.bike-guides.de\/?page_id=742"},"modified":"2023-03-14T09:28:38","modified_gmt":"2023-03-14T08:28:38","slug":"termine-2023","status":"publish","type":"page","link":"https:\/\/www.bike-guides.de\/index.php\/termine-2023\/","title":{"rendered":"Termine 2023"},"content":{"rendered":"\n<h2 class=\"wp-block-heading\"><strong>Unsere gef\u00fchrten E-Mountainbike-Touren<\/strong><\/h2>\n\n\n\n<h3 class=\"wp-block-heading\">Die 2-Tages Camps &#8211; intensives Erleben, Kopf frei bekommen<\/h3>\n\n\n\n<p>Die 2-t\u00e4gigen Touren sind unser Tipp f\u00fcr eine Auszeit, f\u00fcr mehr als &#8222;Ausprobieren&#8220; mit der Chance auf echtes Genie\u00dfen und Entspannen. Wir starten immer an den Hotels. Somit ist es von der ersten Sekunde an pures Vergn\u00fcgen. (geliehene R\u00e4der stehen auch direkt am Eingang)<\/p>\n\n\n\n<p><strong>29.\/30. April &#8211; Lammershof &#8211; Start im Kallstadter Tal<\/strong><\/p>\n\n\n\n<p><strong>28.\/29. Mai &#8211; Lammershof &#8211; die Pfingsten-Tour<\/strong><\/p>\n\n\n\n<p><strong>17.\/18. Juni &#8211; wir starten und \u00fcbernachten im Herzen der Altstadt von Weinheim<\/strong><\/p>\n\n\n\n<p><strong>22.\/23. Juli &#8211; Lammershof<\/strong><\/p>\n\n\n\n<p><strong>26.\/27. August &#8211; wir starten und \u00fcbernachten im Herzen der Altstadt von Weinheim<\/strong><\/p>\n\n\n\n<p><strong>23.\/24. September &#8211; wir starten und \u00fcbernachten im Herzen der Altstadt von Weinheim<\/strong><\/p>\n\n\n\n<p>Oktober Termin ist in Planung<\/p>\n\n\n\n<p class=\"has-text-align-center has-large-font-size\"><strong>Preis p.P. \/ \u00dcbernachtung im DZ:<br>229,- \u20ac<\/strong><\/p>\n\n\n\n<p><a href=\"https:\/\/www.bike-guides.de\/index.php\/leistungen-und-preise-2-tages-e-mountainbike-camp\/\">&gt;&gt;zu den detaillierten Leistungsbeschreibungen<\/a><br><a href=\"https:\/\/www.bike-guides.de\/index.php\/das-besondere-geschenk\/\">&gt;&gt;Verschenke uns<\/a><\/p>\n\n\n\n<figure class=\"wp-block-image size-large\"><img loading=\"lazy\" decoding=\"async\" width=\"1024\" height=\"576\" src=\"https:\/\/www.bike-guides.de\/wp-content\/uploads\/2022\/11\/SnapShot-5-1-1024x576.jpg\" alt=\"\" class=\"wp-image-756\" srcset=\"https:\/\/www.bike-guides.de\/wp-content\/uploads\/2022\/11\/SnapShot-5-1-1024x576.jpg 1024w, https:\/\/www.bike-guides.de\/wp-content\/uploads\/2022\/11\/SnapShot-5-1-300x169.jpg 300w, https:\/\/www.bike-guides.de\/wp-content\/uploads\/2022\/11\/SnapShot-5-1-768x432.jpg 768w, https:\/\/www.bike-guides.de\/wp-content\/uploads\/2022\/11\/SnapShot-5-1-1536x864.jpg 1536w, https:\/\/www.bike-guides.de\/wp-content\/uploads\/2022\/11\/SnapShot-5-1.jpg 1920w\" sizes=\"auto, (max-width: 767px) 89vw, (max-width: 1000px) 54vw, (max-width: 1071px) 543px, 580px\" \/><\/figure>\n\n\n\n<hr class=\"wp-block-separator has-alpha-channel-opacity is-style-wide\"\/>\n\n\n\n<h2 class=\"wp-block-heading\"><strong>Die Schnuppertouren &#8211; einfach mal probieren<\/strong><\/h2>\n\n\n\n<p>F\u00fcr alle, die noch wenig Ber\u00fchrungspunkte mit dem e-Mountainbike haben und an einem Tag sowohl eine &#8222;Setting&#8220; &#8211; wie lenke, wie bremse ich erfahren m\u00f6chten &#8211; wie auch die Theorie in der Praxis auf ausgew\u00e4hlten Strecken umsetzen m\u00f6chten bieten wir &#8222;Schnupper-Touren&#8220; an. Bei Bedarf k\u00f6nnen e-Mountainbikes (KTM) gemietet oder zur Verf\u00fcgung (gegen Aufpreis) gestellt werden.<\/p>\n\n\n\n<p><strong>20. Mai (Samstag)<\/strong><\/p>\n\n\n\n<p><strong>8. Juni (Donnerstag, Fronleichnam &#8211; Feiertag)<\/strong><\/p>\n\n\n\n<p><strong>25. Juni (Sonntag)<\/strong><\/p>\n\n\n\n<div class=\"wp-block-group\"><div class=\"wp-block-group__inner-container is-layout-constrained wp-block-group-is-layout-constrained\">\n<div class=\"wp-block-group\"><div class=\"wp-block-group__inner-container is-layout-constrained wp-block-group-is-layout-constrained\">\n<p><strong>13. August Sonntag  &#8222;Kerwe-Special&#8220;* (*Abschluss auf der Kerwe*\u00dcbernachtung von Sonntag auf Montag, um den &#8222;sch\u00f6nsten&#8220; Tag der Kerwe zu genie\u00dfen)<\/strong><\/p>\n\n\n\n<p><strong>9. September (Samstag)<\/strong><\/p>\n\n\n\n<p><strong>8. Oktober (Sonntag)<\/strong><\/p>\n\n\n\n<p><strong>29. Oktober (Sonntag) Ende der Sommerzeit &#8211; noch kein Grund, mit dem Biken aufzuh\u00f6ren<\/strong><\/p>\n<\/div><\/div>\n<\/div><\/div>\n\n\n\n<figure class=\"wp-block-image size-large\"><img loading=\"lazy\" decoding=\"async\" width=\"1024\" height=\"501\" src=\"https:\/\/www.bike-guides.de\/wp-content\/uploads\/2022\/11\/paar-lachend-mountainbike-2-1024x501.jpg\" alt=\"\" class=\"wp-image-888\" srcset=\"https:\/\/www.bike-guides.de\/wp-content\/uploads\/2022\/11\/paar-lachend-mountainbike-2-1024x501.jpg 1024w, https:\/\/www.bike-guides.de\/wp-content\/uploads\/2022\/11\/paar-lachend-mountainbike-2-300x147.jpg 300w, https:\/\/www.bike-guides.de\/wp-content\/uploads\/2022\/11\/paar-lachend-mountainbike-2-768x376.jpg 768w, https:\/\/www.bike-guides.de\/wp-content\/uploads\/2022\/11\/paar-lachend-mountainbike-2-1536x751.jpg 1536w, https:\/\/www.bike-guides.de\/wp-content\/uploads\/2022\/11\/paar-lachend-mountainbike-2.jpg 1990w\" sizes=\"auto, (max-width: 767px) 89vw, (max-width: 1000px) 54vw, (max-width: 1071px) 543px, 580px\" \/><\/figure>\n\n\n\n<hr class=\"wp-block-separator has-alpha-channel-opacity is-style-wide\"\/>\n\n\n\n<p><strong>After-Work Bike Treff 2023<\/strong><br><\/p>\n\n\n\n<p class=\"has-text-align-left\">6. April (Gr\u00fcndonnerstag) &amp; 20. April<\/p>\n\n\n\n<p class=\"has-text-align-left\">4. Mail &amp; 11. Mai (wegen Feiertag)<br><br>1. Juni &amp; 15. Juni.<br><br>6. Juli &amp; 20. Juli<strong><br><\/strong><br>3. August &amp; 17. August<br><br>7. September &amp;  21. September<br><br>5. Oktober &amp; 19. Oktober<\/p>\n\n\n\n<p><a href=\"https:\/\/www.bike-guides.de\/index.php\/2023\/03\/13\/after-work-radeln-in-netter-gesellschaft\/\">>Alle Infos zum After-Work Bike Treff&lt;<\/a><\/p>\n\n\n\n<p><strong>Ausgerechnet dein Wunsch-Termine ist nicht dabei &#8230;?<\/strong><\/p>\n\n\n\n<p>Gerne bei uns anfragen und wir schauen! (individuell gestaltbar)<\/p>\n\n\n\n<p>Du planst ein Familienfest &#8211; oder ein Event mit Freunden und einige wollen &#8222;mehr sehen&#8220; vom wundersch\u00f6nen Odenwald, den Burgen und den oft sagenumwobenen, geheimnisvollen Pl\u00e4tzen dann kannst du uns gerne eine Anfrage senden. Wir planen dann individuell und auf die Teilnehmer angepasst eine Tour und schauen gemeinsam nach dem Termin.<\/p>\n\n\n\n<p>In deiner Firma siehst du einen gemeinsamen, erlebnisorientierten Tag f\u00fcr dein Team als gute M\u00f6glichkeit in Gespr\u00e4che zu kommen, Meinungen auszutauschen und mit gegenseitigen Impulsen und neuem Verst\u00e4ndnis wieder zur\u00fcck in den Alltag zu gehen.    Wir vereinbaren gerne ein Auftragskl\u00e4rungsgespr\u00e4ch um W\u00fcnsche und Ziele abzustimmen.<\/p>\n\n\n\n<figure class=\"wp-block-image size-full\"><img loading=\"lazy\" decoding=\"async\" width=\"200\" height=\"257\" src=\"https:\/\/www.bike-guides.de\/wp-content\/uploads\/2022\/10\/Motto-Logo-e1665597120190.png\" alt=\"\" class=\"wp-image-189\"\/><\/figure>\n\n\n\n<p><em>Du bist hier:<br><a href=\"https:\/\/www.bike-guides.de\/\">Startseite<\/a> &gt;&gt; <a href=\"https:\/\/www.bike-guides.de\/index.php\/angebot-e-mountainbike-touren\/\">Das Angebot<\/a> &gt;&gt; <\/em>Termine 2023<\/p>\n","protected":false},"excerpt":{"rendered":"<p>Unsere gef\u00fchrten E-Mountainbike-Touren Die 2-Tages Camps &#8211; intensives Erleben, Kopf frei bekommen Die 2-t\u00e4gigen Touren sind unser Tipp f\u00fcr eine Auszeit, f\u00fcr mehr als &#8222;Ausprobieren&#8220; mit der Chance auf echtes Genie\u00dfen und Entspannen. Wir starten immer an den Hotels. Somit ist es von der ersten Sekunde an pures Vergn\u00fcgen. (geliehene R\u00e4der stehen auch direkt am &hellip; <\/p>\n<p class=\"link-more\"><a href=\"https:\/\/www.bike-guides.de\/index.php\/termine-2023\/\" class=\"more-link\"><span class=\"screen-reader-text\">\u201eTermine 2023\u201c <\/span>weiterlesen<\/a><\/p>\n","protected":false},"author":1,"featured_media":744,"parent":0,"menu_order":0,"comment_status":"closed","ping_status":"closed","template":"","meta":{"jetpack_post_was_ever_published":false,"footnotes":""},"class_list":["post-742","page","type-page","status-publish","has-post-thumbnail","hentry"],"yoast_head":"<!-- This site is optimized with the Yoast SEO plugin v27.5 - https:\/\/yoast.com\/product\/yoast-seo-wordpress\/ -->\n<title>Termine 2023 - Bike-Guides Weinheim<\/title>\n<meta name=\"robots\" content=\"index, follow, max-snippet:-1, max-image-preview:large, max-video-preview:-1\" \/>\n<link rel=\"canonical\" href=\"https:\/\/www.bike-guides.de\/index.php\/termine-2023\/\" \/>\n<meta property=\"og:locale\" content=\"de_DE\" \/>\n<meta property=\"og:type\" content=\"article\" \/>\n<meta property=\"og:title\" content=\"Termine 2023 - Bike-Guides Weinheim\" \/>\n<meta property=\"og:description\" content=\"Unsere gef\u00fchrten E-Mountainbike-Touren Die 2-Tages Camps &#8211; intensives Erleben, Kopf frei bekommen Die 2-t\u00e4gigen Touren sind unser Tipp f\u00fcr eine Auszeit, f\u00fcr mehr als &#8222;Ausprobieren&#8220; mit der Chance auf echtes Genie\u00dfen und Entspannen. Wir starten immer an den Hotels. Somit ist es von der ersten Sekunde an pures Vergn\u00fcgen. (geliehene R\u00e4der stehen auch direkt am &hellip; \u201eTermine 2023\u201c weiterlesen\" \/>\n<meta property=\"og:url\" content=\"https:\/\/www.bike-guides.de\/index.php\/termine-2023\/\" \/>\n<meta property=\"og:site_name\" content=\"Bike-Guides Weinheim\" \/>\n<meta property=\"article:modified_time\" content=\"2023-03-14T08:28:38+00:00\" \/>\n<meta property=\"og:image\" content=\"https:\/\/www.bike-guides.de\/wp-content\/uploads\/2022\/11\/Kalender.jpg\" \/>\n\t<meta property=\"og:image:width\" content=\"1999\" \/>\n\t<meta property=\"og:image:height\" content=\"1333\" \/>\n\t<meta property=\"og:image:type\" content=\"image\/jpeg\" \/>\n<meta name=\"twitter:card\" content=\"summary_large_image\" \/>\n<meta name=\"twitter:label1\" content=\"Gesch\u00e4tzte Lesezeit\" \/>\n\t<meta name=\"twitter:data1\" content=\"3\u00a0Minuten\" \/>\n<script type=\"application\/ld+json\" class=\"yoast-schema-graph\">{\"@context\":\"https:\\\/\\\/schema.org\",\"@graph\":[{\"@type\":\"WebPage\",\"@id\":\"https:\\\/\\\/www.bike-guides.de\\\/index.php\\\/termine-2023\\\/\",\"url\":\"https:\\\/\\\/www.bike-guides.de\\\/index.php\\\/termine-2023\\\/\",\"name\":\"Termine 2023 - Bike-Guides Weinheim\",\"isPartOf\":{\"@id\":\"https:\\\/\\\/www.bike-guides.de\\\/#website\"},\"primaryImageOfPage\":{\"@id\":\"https:\\\/\\\/www.bike-guides.de\\\/index.php\\\/termine-2023\\\/#primaryimage\"},\"image\":{\"@id\":\"https:\\\/\\\/www.bike-guides.de\\\/index.php\\\/termine-2023\\\/#primaryimage\"},\"thumbnailUrl\":\"https:\\\/\\\/www.bike-guides.de\\\/wp-content\\\/uploads\\\/2022\\\/11\\\/Kalender.jpg\",\"datePublished\":\"2022-11-12T07:19:11+00:00\",\"dateModified\":\"2023-03-14T08:28:38+00:00\",\"breadcrumb\":{\"@id\":\"https:\\\/\\\/www.bike-guides.de\\\/index.php\\\/termine-2023\\\/#breadcrumb\"},\"inLanguage\":\"de\",\"potentialAction\":[{\"@type\":\"ReadAction\",\"target\":[\"https:\\\/\\\/www.bike-guides.de\\\/index.php\\\/termine-2023\\\/\"]}]},{\"@type\":\"ImageObject\",\"inLanguage\":\"de\",\"@id\":\"https:\\\/\\\/www.bike-guides.de\\\/index.php\\\/termine-2023\\\/#primaryimage\",\"url\":\"https:\\\/\\\/www.bike-guides.de\\\/wp-content\\\/uploads\\\/2022\\\/11\\\/Kalender.jpg\",\"contentUrl\":\"https:\\\/\\\/www.bike-guides.de\\\/wp-content\\\/uploads\\\/2022\\\/11\\\/Kalender.jpg\",\"width\":1999,\"height\":1333},{\"@type\":\"BreadcrumbList\",\"@id\":\"https:\\\/\\\/www.bike-guides.de\\\/index.php\\\/termine-2023\\\/#breadcrumb\",\"itemListElement\":[{\"@type\":\"ListItem\",\"position\":1,\"name\":\"Startseite\",\"item\":\"https:\\\/\\\/www.bike-guides.de\\\/\"},{\"@type\":\"ListItem\",\"position\":2,\"name\":\"Termine 2023\"}]},{\"@type\":\"WebSite\",\"@id\":\"https:\\\/\\\/www.bike-guides.de\\\/#website\",\"url\":\"https:\\\/\\\/www.bike-guides.de\\\/\",\"name\":\"Bike-Guides Weinheim\",\"description\":\"Gef\u00fchrte Touren und Events mit dem E-Mountainbike im Odenwald\",\"publisher\":{\"@id\":\"https:\\\/\\\/www.bike-guides.de\\\/#organization\"},\"potentialAction\":[{\"@type\":\"SearchAction\",\"target\":{\"@type\":\"EntryPoint\",\"urlTemplate\":\"https:\\\/\\\/www.bike-guides.de\\\/?s={search_term_string}\"},\"query-input\":{\"@type\":\"PropertyValueSpecification\",\"valueRequired\":true,\"valueName\":\"search_term_string\"}}],\"inLanguage\":\"de\"},{\"@type\":\"Organization\",\"@id\":\"https:\\\/\\\/www.bike-guides.de\\\/#organization\",\"name\":\"Bike-Guides Weinheim\",\"url\":\"https:\\\/\\\/www.bike-guides.de\\\/\",\"logo\":{\"@type\":\"ImageObject\",\"inLanguage\":\"de\",\"@id\":\"https:\\\/\\\/www.bike-guides.de\\\/#\\\/schema\\\/logo\\\/image\\\/\",\"url\":\"https:\\\/\\\/www.bike-guides.de\\\/wp-content\\\/uploads\\\/2022\\\/10\\\/cropped-logo-wei-wei.png\",\"contentUrl\":\"https:\\\/\\\/www.bike-guides.de\\\/wp-content\\\/uploads\\\/2022\\\/10\\\/cropped-logo-wei-wei.png\",\"width\":313,\"height\":250,\"caption\":\"Bike-Guides Weinheim\"},\"image\":{\"@id\":\"https:\\\/\\\/www.bike-guides.de\\\/#\\\/schema\\\/logo\\\/image\\\/\"}}]}<\/script>\n<!-- \/ Yoast SEO plugin. -->","yoast_head_json":{"title":"Termine 2023 - Bike-Guides Weinheim","robots":{"index":"index","follow":"follow","max-snippet":"max-snippet:-1","max-image-preview":"max-image-preview:large","max-video-preview":"max-video-preview:-1"},"canonical":"https:\/\/www.bike-guides.de\/index.php\/termine-2023\/","og_locale":"de_DE","og_type":"article","og_title":"Termine 2023 - Bike-Guides Weinheim","og_description":"Unsere gef\u00fchrten E-Mountainbike-Touren Die 2-Tages Camps &#8211; intensives Erleben, Kopf frei bekommen Die 2-t\u00e4gigen Touren sind unser Tipp f\u00fcr eine Auszeit, f\u00fcr mehr als &#8222;Ausprobieren&#8220; mit der Chance auf echtes Genie\u00dfen und Entspannen. Wir starten immer an den Hotels. Somit ist es von der ersten Sekunde an pures Vergn\u00fcgen. (geliehene R\u00e4der stehen auch direkt am &hellip; \u201eTermine 2023\u201c weiterlesen","og_url":"https:\/\/www.bike-guides.de\/index.php\/termine-2023\/","og_site_name":"Bike-Guides Weinheim","article_modified_time":"2023-03-14T08:28:38+00:00","og_image":[{"width":1999,"height":1333,"url":"https:\/\/www.bike-guides.de\/wp-content\/uploads\/2022\/11\/Kalender.jpg","type":"image\/jpeg"}],"twitter_card":"summary_large_image","twitter_misc":{"Gesch\u00e4tzte Lesezeit":"3\u00a0Minuten"},"schema":{"@context":"https:\/\/schema.org","@graph":[{"@type":"WebPage","@id":"https:\/\/www.bike-guides.de\/index.php\/termine-2023\/","url":"https:\/\/www.bike-guides.de\/index.php\/termine-2023\/","name":"Termine 2023 - Bike-Guides Weinheim","isPartOf":{"@id":"https:\/\/www.bike-guides.de\/#website"},"primaryImageOfPage":{"@id":"https:\/\/www.bike-guides.de\/index.php\/termine-2023\/#primaryimage"},"image":{"@id":"https:\/\/www.bike-guides.de\/index.php\/termine-2023\/#primaryimage"},"thumbnailUrl":"https:\/\/www.bike-guides.de\/wp-content\/uploads\/2022\/11\/Kalender.jpg","datePublished":"2022-11-12T07:19:11+00:00","dateModified":"2023-03-14T08:28:38+00:00","breadcrumb":{"@id":"https:\/\/www.bike-guides.de\/index.php\/termine-2023\/#breadcrumb"},"inLanguage":"de","potentialAction":[{"@type":"ReadAction","target":["https:\/\/www.bike-guides.de\/index.php\/termine-2023\/"]}]},{"@type":"ImageObject","inLanguage":"de","@id":"https:\/\/www.bike-guides.de\/index.php\/termine-2023\/#primaryimage","url":"https:\/\/www.bike-guides.de\/wp-content\/uploads\/2022\/11\/Kalender.jpg","contentUrl":"https:\/\/www.bike-guides.de\/wp-content\/uploads\/2022\/11\/Kalender.jpg","width":1999,"height":1333},{"@type":"BreadcrumbList","@id":"https:\/\/www.bike-guides.de\/index.php\/termine-2023\/#breadcrumb","itemListElement":[{"@type":"ListItem","position":1,"name":"Startseite","item":"https:\/\/www.bike-guides.de\/"},{"@type":"ListItem","position":2,"name":"Termine 2023"}]},{"@type":"WebSite","@id":"https:\/\/www.bike-guides.de\/#website","url":"https:\/\/www.bike-guides.de\/","name":"Bike-Guides Weinheim","description":"Gef\u00fchrte Touren und Events mit dem E-Mountainbike im Odenwald","publisher":{"@id":"https:\/\/www.bike-guides.de\/#organization"},"potentialAction":[{"@type":"SearchAction","target":{"@type":"EntryPoint","urlTemplate":"https:\/\/www.bike-guides.de\/?s={search_term_string}"},"query-input":{"@type":"PropertyValueSpecification","valueRequired":true,"valueName":"search_term_string"}}],"inLanguage":"de"},{"@type":"Organization","@id":"https:\/\/www.bike-guides.de\/#organization","name":"Bike-Guides Weinheim","url":"https:\/\/www.bike-guides.de\/","logo":{"@type":"ImageObject","inLanguage":"de","@id":"https:\/\/www.bike-guides.de\/#\/schema\/logo\/image\/","url":"https:\/\/www.bike-guides.de\/wp-content\/uploads\/2022\/10\/cropped-logo-wei-wei.png","contentUrl":"https:\/\/www.bike-guides.de\/wp-content\/uploads\/2022\/10\/cropped-logo-wei-wei.png","width":313,"height":250,"caption":"Bike-Guides Weinheim"},"image":{"@id":"https:\/\/www.bike-guides.de\/#\/schema\/logo\/image\/"}}]}},"jetpack_sharing_enabled":true,"_links":{"self":[{"href":"https:\/\/www.bike-guides.de\/index.php\/wp-json\/wp\/v2\/pages\/742","targetHints":{"allow":["GET"]}}],"collection":[{"href":"https:\/\/www.bike-guides.de\/index.php\/wp-json\/wp\/v2\/pages"}],"about":[{"href":"https:\/\/www.bike-guides.de\/index.php\/wp-json\/wp\/v2\/types\/page"}],"author":[{"embeddable":true,"href":"https:\/\/www.bike-guides.de\/index.php\/wp-json\/wp\/v2\/users\/1"}],"replies":[{"embeddable":true,"href":"https:\/\/www.bike-guides.de\/index.php\/wp-json\/wp\/v2\/comments?post=742"}],"version-history":[{"count":18,"href":"https:\/\/www.bike-guides.de\/index.php\/wp-json\/wp\/v2\/pages\/742\/revisions"}],"predecessor-version":[{"id":1166,"href":"https:\/\/www.bike-guides.de\/index.php\/wp-json\/wp\/v2\/pages\/742\/revisions\/1166"}],"wp:featuredmedia":[{"embeddable":true,"href":"https:\/\/www.bike-guides.de\/index.php\/wp-json\/wp\/v2\/media\/744"}],"wp:attachment":[{"href":"https:\/\/www.bike-guides.de\/index.php\/wp-json\/wp\/v2\/media?parent=742"}],"curies":[{"name":"wp","href":"https:\/\/api.w.org\/{rel}","templated":true}]}}