{"id":706,"date":"2022-11-11T11:56:33","date_gmt":"2022-11-11T10:56:33","guid":{"rendered":"https:\/\/www.bike-guides.de\/?page_id=706"},"modified":"2022-11-15T17:30:34","modified_gmt":"2022-11-15T16:30:34","slug":"das-besondere-geschenk","status":"publish","type":"page","link":"https:\/\/www.bike-guides.de\/index.php\/das-besondere-geschenk\/","title":{"rendered":"Das besondere Geschenk&#8230;"},"content":{"rendered":"\n<h2 class=\"wp-block-heading\"><strong>Was ist sch\u00f6ner als ein unvergessliches Erlebnis?<\/strong><\/h2>\n\n\n\n<p>\u00dcberrasche einen besonderen Menschen mit Premiumzeit in der Natur, einer gef\u00fchrten E-Mountainbike-Tour, einem <a href=\"https:\/\/www.bike-guides.de\/index.php\/leistungen-und-preise-2-tages-e-mountainbike-camp\/\">Wochenend-Camp<\/a> oder einer Schnuppertour&#8230;<\/p>\n\n\n\n<figure class=\"wp-block-gallery has-nested-images columns-default is-cropped wp-block-gallery-1 is-layout-flex wp-block-gallery-is-layout-flex\">\n<figure class=\"wp-block-image size-large\"><img loading=\"lazy\" decoding=\"async\" width=\"400\" height=\"533\" data-id=\"431\" src=\"https:\/\/www.bike-guides.de\/wp-content\/uploads\/2022\/10\/paar-2.jpg\" alt=\"\" class=\"wp-image-431\" srcset=\"https:\/\/www.bike-guides.de\/wp-content\/uploads\/2022\/10\/paar-2.jpg 400w, https:\/\/www.bike-guides.de\/wp-content\/uploads\/2022\/10\/paar-2-225x300.jpg 225w\" sizes=\"auto, (max-width: 400px) 100vw, 400px\" \/><\/figure>\n\n\n\n<figure class=\"wp-block-image size-large\"><img loading=\"lazy\" decoding=\"async\" width=\"400\" height=\"533\" data-id=\"427\" src=\"https:\/\/www.bike-guides.de\/wp-content\/uploads\/2022\/10\/paar-1.jpg\" alt=\"\" class=\"wp-image-427\" srcset=\"https:\/\/www.bike-guides.de\/wp-content\/uploads\/2022\/10\/paar-1.jpg 400w, https:\/\/www.bike-guides.de\/wp-content\/uploads\/2022\/10\/paar-1-225x300.jpg 225w\" sizes=\"auto, (max-width: 400px) 100vw, 400px\" \/><\/figure>\n\n\n\n<figure class=\"wp-block-image size-large\"><img loading=\"lazy\" decoding=\"async\" width=\"500\" height=\"667\" data-id=\"386\" src=\"https:\/\/www.bike-guides.de\/wp-content\/uploads\/2022\/10\/Herz-keks.jpg\" alt=\"\" class=\"wp-image-386\" srcset=\"https:\/\/www.bike-guides.de\/wp-content\/uploads\/2022\/10\/Herz-keks.jpg 500w, https:\/\/www.bike-guides.de\/wp-content\/uploads\/2022\/10\/Herz-keks-225x300.jpg 225w\" sizes=\"auto, (max-width: 500px) 100vw, 500px\" \/><\/figure>\n<\/figure>\n\n\n\n<p>&#8230;oder einem besonderen Arrangement &#8211; wir lassen uns mit dir zusammen etwas einfallen.<\/p>\n\n\n\n<p>Gutscheine k\u00f6nnen auf einen Betrag ausgestellt werden, oder gleich auf ein ganz bestimmtes Event ohne Betrag. In diesem Fall ist eine vorherige Buchung erforderlich.<\/p>\n\n\n\n<p>Nimm Kontakt zu uns auf &#8211; wir haben sicher einige Ideen&#8230;<\/p>\n\n\n\n<figure class=\"wp-block-image size-full\"><img loading=\"lazy\" decoding=\"async\" width=\"200\" height=\"257\" src=\"https:\/\/www.bike-guides.de\/wp-content\/uploads\/2022\/10\/Motto-Logo-e1665597120190.png\" alt=\"\" class=\"wp-image-189\"\/><\/figure>\n\n\n\n<p class=\"has-small-font-size\"><em>Du bist hier:<br><a href=\"https:\/\/www.bike-guides.de\/\">Startseite<\/a> &gt;&gt; <a href=\"https:\/\/www.bike-guides.de\/index.php\/angebot-e-mountainbike-touren\/\">Das Angebot<\/a> &gt;&gt; Gutscheine<\/em><\/p>\n","protected":false},"excerpt":{"rendered":"<p>Was ist sch\u00f6ner als ein unvergessliches Erlebnis? \u00dcberrasche einen besonderen Menschen mit Premiumzeit in der Natur, einer gef\u00fchrten E-Mountainbike-Tour, einem Wochenend-Camp oder einer Schnuppertour&#8230; &#8230;oder einem besonderen Arrangement &#8211; wir lassen uns mit dir zusammen etwas einfallen. Gutscheine k\u00f6nnen auf einen Betrag ausgestellt werden, oder gleich auf ein ganz bestimmtes Event ohne Betrag. In diesem &hellip; <\/p>\n<p class=\"link-more\"><a href=\"https:\/\/www.bike-guides.de\/index.php\/das-besondere-geschenk\/\" class=\"more-link\"><span class=\"screen-reader-text\">\u201eDas besondere Geschenk&#8230;\u201c <\/span>weiterlesen<\/a><\/p>\n","protected":false},"author":1,"featured_media":731,"parent":0,"menu_order":0,"comment_status":"closed","ping_status":"closed","template":"","meta":{"jetpack_post_was_ever_published":false,"footnotes":""},"class_list":["post-706","page","type-page","status-publish","has-post-thumbnail","hentry"],"yoast_head":"<!-- This site is optimized with the Yoast SEO plugin v27.5 - https:\/\/yoast.com\/product\/yoast-seo-wordpress\/ -->\n<title>Gutscheine f\u00fcr E-Mountainbike Event - Bike-Guides Weinheim<\/title>\n<meta name=\"description\" content=\"Geschenkgutscheine f\u00fcr eine gef\u00fchrte E-Mountainbike-Tour, ein Mountainbike-Camp oder ein sonstiges Event nach Ma\u00df.\" \/>\n<meta name=\"robots\" content=\"index, follow, max-snippet:-1, max-image-preview:large, max-video-preview:-1\" \/>\n<link rel=\"canonical\" href=\"https:\/\/www.bike-guides.de\/index.php\/das-besondere-geschenk\/\" \/>\n<meta property=\"og:locale\" content=\"de_DE\" \/>\n<meta property=\"og:type\" content=\"article\" \/>\n<meta property=\"og:title\" content=\"Gutscheine f\u00fcr E-Mountainbike Event - Bike-Guides Weinheim\" \/>\n<meta property=\"og:description\" content=\"Geschenkgutscheine f\u00fcr eine gef\u00fchrte E-Mountainbike-Tour, ein Mountainbike-Camp oder ein sonstiges Event nach Ma\u00df.\" \/>\n<meta property=\"og:url\" content=\"https:\/\/www.bike-guides.de\/index.php\/das-besondere-geschenk\/\" \/>\n<meta property=\"og:site_name\" content=\"Bike-Guides Weinheim\" \/>\n<meta property=\"article:modified_time\" content=\"2022-11-15T16:30:34+00:00\" \/>\n<meta property=\"og:image\" content=\"https:\/\/www.bike-guides.de\/wp-content\/uploads\/2022\/11\/Gutschein-warm.jpg\" \/>\n\t<meta property=\"og:image:width\" content=\"1997\" \/>\n\t<meta property=\"og:image:height\" content=\"1209\" \/>\n\t<meta property=\"og:image:type\" content=\"image\/jpeg\" \/>\n<meta name=\"twitter:card\" content=\"summary_large_image\" \/>\n<meta name=\"twitter:label1\" content=\"Gesch\u00e4tzte Lesezeit\" \/>\n\t<meta name=\"twitter:data1\" content=\"2\u00a0Minuten\" \/>\n<script type=\"application\/ld+json\" class=\"yoast-schema-graph\">{\"@context\":\"https:\\\/\\\/schema.org\",\"@graph\":[{\"@type\":\"WebPage\",\"@id\":\"https:\\\/\\\/www.bike-guides.de\\\/index.php\\\/das-besondere-geschenk\\\/\",\"url\":\"https:\\\/\\\/www.bike-guides.de\\\/index.php\\\/das-besondere-geschenk\\\/\",\"name\":\"Gutscheine f\u00fcr E-Mountainbike Event - Bike-Guides Weinheim\",\"isPartOf\":{\"@id\":\"https:\\\/\\\/www.bike-guides.de\\\/#website\"},\"primaryImageOfPage\":{\"@id\":\"https:\\\/\\\/www.bike-guides.de\\\/index.php\\\/das-besondere-geschenk\\\/#primaryimage\"},\"image\":{\"@id\":\"https:\\\/\\\/www.bike-guides.de\\\/index.php\\\/das-besondere-geschenk\\\/#primaryimage\"},\"thumbnailUrl\":\"https:\\\/\\\/www.bike-guides.de\\\/wp-content\\\/uploads\\\/2022\\\/11\\\/Gutschein-warm.jpg\",\"datePublished\":\"2022-11-11T10:56:33+00:00\",\"dateModified\":\"2022-11-15T16:30:34+00:00\",\"description\":\"Geschenkgutscheine f\u00fcr eine gef\u00fchrte E-Mountainbike-Tour, ein Mountainbike-Camp oder ein sonstiges Event nach Ma\u00df.\",\"breadcrumb\":{\"@id\":\"https:\\\/\\\/www.bike-guides.de\\\/index.php\\\/das-besondere-geschenk\\\/#breadcrumb\"},\"inLanguage\":\"de\",\"potentialAction\":[{\"@type\":\"ReadAction\",\"target\":[\"https:\\\/\\\/www.bike-guides.de\\\/index.php\\\/das-besondere-geschenk\\\/\"]}]},{\"@type\":\"ImageObject\",\"inLanguage\":\"de\",\"@id\":\"https:\\\/\\\/www.bike-guides.de\\\/index.php\\\/das-besondere-geschenk\\\/#primaryimage\",\"url\":\"https:\\\/\\\/www.bike-guides.de\\\/wp-content\\\/uploads\\\/2022\\\/11\\\/Gutschein-warm.jpg\",\"contentUrl\":\"https:\\\/\\\/www.bike-guides.de\\\/wp-content\\\/uploads\\\/2022\\\/11\\\/Gutschein-warm.jpg\",\"width\":1997,\"height\":1209},{\"@type\":\"BreadcrumbList\",\"@id\":\"https:\\\/\\\/www.bike-guides.de\\\/index.php\\\/das-besondere-geschenk\\\/#breadcrumb\",\"itemListElement\":[{\"@type\":\"ListItem\",\"position\":1,\"name\":\"Startseite\",\"item\":\"https:\\\/\\\/www.bike-guides.de\\\/\"},{\"@type\":\"ListItem\",\"position\":2,\"name\":\"test\"}]},{\"@type\":\"WebSite\",\"@id\":\"https:\\\/\\\/www.bike-guides.de\\\/#website\",\"url\":\"https:\\\/\\\/www.bike-guides.de\\\/\",\"name\":\"Bike-Guides Weinheim\",\"description\":\"Gef\u00fchrte Touren und Events mit dem E-Mountainbike im Odenwald\",\"publisher\":{\"@id\":\"https:\\\/\\\/www.bike-guides.de\\\/#organization\"},\"potentialAction\":[{\"@type\":\"SearchAction\",\"target\":{\"@type\":\"EntryPoint\",\"urlTemplate\":\"https:\\\/\\\/www.bike-guides.de\\\/?s={search_term_string}\"},\"query-input\":{\"@type\":\"PropertyValueSpecification\",\"valueRequired\":true,\"valueName\":\"search_term_string\"}}],\"inLanguage\":\"de\"},{\"@type\":\"Organization\",\"@id\":\"https:\\\/\\\/www.bike-guides.de\\\/#organization\",\"name\":\"Bike-Guides Weinheim\",\"url\":\"https:\\\/\\\/www.bike-guides.de\\\/\",\"logo\":{\"@type\":\"ImageObject\",\"inLanguage\":\"de\",\"@id\":\"https:\\\/\\\/www.bike-guides.de\\\/#\\\/schema\\\/logo\\\/image\\\/\",\"url\":\"https:\\\/\\\/www.bike-guides.de\\\/wp-content\\\/uploads\\\/2022\\\/10\\\/cropped-logo-wei-wei.png\",\"contentUrl\":\"https:\\\/\\\/www.bike-guides.de\\\/wp-content\\\/uploads\\\/2022\\\/10\\\/cropped-logo-wei-wei.png\",\"width\":313,\"height\":250,\"caption\":\"Bike-Guides Weinheim\"},\"image\":{\"@id\":\"https:\\\/\\\/www.bike-guides.de\\\/#\\\/schema\\\/logo\\\/image\\\/\"}}]}<\/script>\n<!-- \/ Yoast SEO plugin. -->","yoast_head_json":{"title":"Gutscheine f\u00fcr E-Mountainbike Event - Bike-Guides Weinheim","description":"Geschenkgutscheine f\u00fcr eine gef\u00fchrte E-Mountainbike-Tour, ein Mountainbike-Camp oder ein sonstiges Event nach Ma\u00df.","robots":{"index":"index","follow":"follow","max-snippet":"max-snippet:-1","max-image-preview":"max-image-preview:large","max-video-preview":"max-video-preview:-1"},"canonical":"https:\/\/www.bike-guides.de\/index.php\/das-besondere-geschenk\/","og_locale":"de_DE","og_type":"article","og_title":"Gutscheine f\u00fcr E-Mountainbike Event - Bike-Guides Weinheim","og_description":"Geschenkgutscheine f\u00fcr eine gef\u00fchrte E-Mountainbike-Tour, ein Mountainbike-Camp oder ein sonstiges Event nach Ma\u00df.","og_url":"https:\/\/www.bike-guides.de\/index.php\/das-besondere-geschenk\/","og_site_name":"Bike-Guides Weinheim","article_modified_time":"2022-11-15T16:30:34+00:00","og_image":[{"width":1997,"height":1209,"url":"https:\/\/www.bike-guides.de\/wp-content\/uploads\/2022\/11\/Gutschein-warm.jpg","type":"image\/jpeg"}],"twitter_card":"summary_large_image","twitter_misc":{"Gesch\u00e4tzte Lesezeit":"2\u00a0Minuten"},"schema":{"@context":"https:\/\/schema.org","@graph":[{"@type":"WebPage","@id":"https:\/\/www.bike-guides.de\/index.php\/das-besondere-geschenk\/","url":"https:\/\/www.bike-guides.de\/index.php\/das-besondere-geschenk\/","name":"Gutscheine f\u00fcr E-Mountainbike Event - Bike-Guides Weinheim","isPartOf":{"@id":"https:\/\/www.bike-guides.de\/#website"},"primaryImageOfPage":{"@id":"https:\/\/www.bike-guides.de\/index.php\/das-besondere-geschenk\/#primaryimage"},"image":{"@id":"https:\/\/www.bike-guides.de\/index.php\/das-besondere-geschenk\/#primaryimage"},"thumbnailUrl":"https:\/\/www.bike-guides.de\/wp-content\/uploads\/2022\/11\/Gutschein-warm.jpg","datePublished":"2022-11-11T10:56:33+00:00","dateModified":"2022-11-15T16:30:34+00:00","description":"Geschenkgutscheine f\u00fcr eine gef\u00fchrte E-Mountainbike-Tour, ein Mountainbike-Camp oder ein sonstiges Event nach Ma\u00df.","breadcrumb":{"@id":"https:\/\/www.bike-guides.de\/index.php\/das-besondere-geschenk\/#breadcrumb"},"inLanguage":"de","potentialAction":[{"@type":"ReadAction","target":["https:\/\/www.bike-guides.de\/index.php\/das-besondere-geschenk\/"]}]},{"@type":"ImageObject","inLanguage":"de","@id":"https:\/\/www.bike-guides.de\/index.php\/das-besondere-geschenk\/#primaryimage","url":"https:\/\/www.bike-guides.de\/wp-content\/uploads\/2022\/11\/Gutschein-warm.jpg","contentUrl":"https:\/\/www.bike-guides.de\/wp-content\/uploads\/2022\/11\/Gutschein-warm.jpg","width":1997,"height":1209},{"@type":"BreadcrumbList","@id":"https:\/\/www.bike-guides.de\/index.php\/das-besondere-geschenk\/#breadcrumb","itemListElement":[{"@type":"ListItem","position":1,"name":"Startseite","item":"https:\/\/www.bike-guides.de\/"},{"@type":"ListItem","position":2,"name":"test"}]},{"@type":"WebSite","@id":"https:\/\/www.bike-guides.de\/#website","url":"https:\/\/www.bike-guides.de\/","name":"Bike-Guides Weinheim","description":"Gef\u00fchrte Touren und Events mit dem E-Mountainbike im Odenwald","publisher":{"@id":"https:\/\/www.bike-guides.de\/#organization"},"potentialAction":[{"@type":"SearchAction","target":{"@type":"EntryPoint","urlTemplate":"https:\/\/www.bike-guides.de\/?s={search_term_string}"},"query-input":{"@type":"PropertyValueSpecification","valueRequired":true,"valueName":"search_term_string"}}],"inLanguage":"de"},{"@type":"Organization","@id":"https:\/\/www.bike-guides.de\/#organization","name":"Bike-Guides Weinheim","url":"https:\/\/www.bike-guides.de\/","logo":{"@type":"ImageObject","inLanguage":"de","@id":"https:\/\/www.bike-guides.de\/#\/schema\/logo\/image\/","url":"https:\/\/www.bike-guides.de\/wp-content\/uploads\/2022\/10\/cropped-logo-wei-wei.png","contentUrl":"https:\/\/www.bike-guides.de\/wp-content\/uploads\/2022\/10\/cropped-logo-wei-wei.png","width":313,"height":250,"caption":"Bike-Guides Weinheim"},"image":{"@id":"https:\/\/www.bike-guides.de\/#\/schema\/logo\/image\/"}}]}},"jetpack_sharing_enabled":true,"_links":{"self":[{"href":"https:\/\/www.bike-guides.de\/index.php\/wp-json\/wp\/v2\/pages\/706","targetHints":{"allow":["GET"]}}],"collection":[{"href":"https:\/\/www.bike-guides.de\/index.php\/wp-json\/wp\/v2\/pages"}],"about":[{"href":"https:\/\/www.bike-guides.de\/index.php\/wp-json\/wp\/v2\/types\/page"}],"author":[{"embeddable":true,"href":"https:\/\/www.bike-guides.de\/index.php\/wp-json\/wp\/v2\/users\/1"}],"replies":[{"embeddable":true,"href":"https:\/\/www.bike-guides.de\/index.php\/wp-json\/wp\/v2\/comments?post=706"}],"version-history":[{"count":16,"href":"https:\/\/www.bike-guides.de\/index.php\/wp-json\/wp\/v2\/pages\/706\/revisions"}],"predecessor-version":[{"id":881,"href":"https:\/\/www.bike-guides.de\/index.php\/wp-json\/wp\/v2\/pages\/706\/revisions\/881"}],"wp:featuredmedia":[{"embeddable":true,"href":"https:\/\/www.bike-guides.de\/index.php\/wp-json\/wp\/v2\/media\/731"}],"wp:attachment":[{"href":"https:\/\/www.bike-guides.de\/index.php\/wp-json\/wp\/v2\/media?parent=706"}],"curies":[{"name":"wp","href":"https:\/\/api.w.org\/{rel}","templated":true}]}}