{"id":2685,"date":"2023-09-20T11:30:55","date_gmt":"2023-09-20T09:30:55","guid":{"rendered":"https:\/\/www.bike-guides.de\/?page_id=2685"},"modified":"2023-09-20T12:49:51","modified_gmt":"2023-09-20T10:49:51","slug":"saisonabschluss-teil-ii-23-09-eberbach-und-bikelaend-opening","status":"publish","type":"page","link":"https:\/\/www.bike-guides.de\/index.php\/saisonabschluss-teil-ii-23-09-eberbach-und-bikelaend-opening\/","title":{"rendered":"Saisonabschluss Teil II: 23.09. Eberbach und Bikel\u00e4nd-Opening"},"content":{"rendered":"\n<p>Wir freuen uns wie Bolle auf den 2 Teil des Saisonabschlusses. Als wir das Datum geplant haben, war mir gar nicht bewusst, dass das &#8222;Grand-Opening&#8220; des Bikel\u00e4nd Eberbach just auf den Tag f\u00e4llt &#8211; gut, nehmen wir mit.<\/p>\n\n\n\n<p class=\"has-background\" style=\"background-color:#f78da866\"><strong>Wichtige Hinweise:<\/strong><br>Wie immer erfolgt die Teilnahme auf <strong>eigene Verantwortung und eigenes Risiko<\/strong>. <strong>Von uns kennt niemand das Revier, insbesondere ist die Trails niemand gefahren bisher. <\/strong>Daher ist eigene Einsch\u00e4tzung hier ganz besonders gefragt.<br>Allgemein wird in Erfahrungsberichten insbesondere vor den Trails mit h\u00f6herem Schwierigkeitsgrad gewarnt &#8211; diese sollen angeblich wirklich sehr schwer sein. Die schwarzen Trails sind mit S4 nach Singletrailskala bewertet, das kann u.U. wirklich gef\u00e4hrlich werden.<br>Es gibt auch S1 und S2 &#8211; Trails, auch die setzen ein Mindestam\u00df an Fahrk\u00f6nnen voraus.<br>F\u00fcr die Vorsichtigen und Anf\u00e4nger wird es auch die Gelegenheit zu einer netten einfacheren Runde durch die sch\u00f6ne Landschaft geben &#8211; auf dem Niveau unserer After-Work-Treffs, bzw. der entsprechenden Teilgruppe auf der Melibokus-Tour.<br><br><strong>Schutzausr\u00fcstung:<\/strong><br>Helm ist f\u00fcr alle Pflicht, zus\u00e4tzliche Schutzausr\u00fcstung (Protektoren, Helm mit Kinnschutz (Fullface) ist nie verkehrt, f\u00fcr die <strong>Trailabfahrten w\u00fcrde ich sie dringend empfehlen!<\/strong> <br><br><strong>Bitte die Regeln des Bikel\u00e4nd Eberbach beachten:<\/strong><br><a href=\"https:\/\/xn--bikelnd-9wa.de\/static\/downloads\/trail-rules.pdf\">>HIER KLICKEN&lt;<\/a><\/p>\n\n\n\n<p>So, nach dem Beipackzettel nun mein Vorschlag f\u00fcr den Programmablauf.<\/p>\n\n\n\n<p>Von den Veranstaltern habe ich erfahren, dass zentraler Veranstaltungsort das Kulturzentrum Depot 15\/7 in der G\u00fcterbahnhofstra\u00dfe in Eberbach ist:<br><a href=\"https:\/\/www.depot15-7.de\/\">&gt;Link zur Homepage&lt;<\/a><br><a href=\"https:\/\/www.google.com\/maps\/place\/Depot+15%2F7+E.V.\/@49.4677136,8.9791758,17z\/data=!3m1!4b1!4m6!3m5!1s0x4797efd3aea7fc03:0xd95c91ffdab7b6fd!8m2!3d49.4677136!4d8.9817507!16s%2Fg%2F11h_wz43v9?entry=ttu\">&gt;Google Maps&lt;<\/a><\/p>\n\n\n\n<p class=\"has-text-align-center has-background has-medium-font-size\" style=\"background-color:#fcb90045\"><strong>Das Programm startet um 11:00 &#8211; dann treffen wir uns dort alle (Depot 15\/7)<\/strong><\/p>\n\n\n\n<p>Es gibt zahlreiche Angebote des Veranstalters, unter anderem auch gef\u00fchrte Touren, auch f\u00fcr Anf\u00e4nger. Wir schauen uns einfach an, was da angeboten wird und sehen dann weiter. Notfalls machen wir eine eigene Tour &#8211; ich bin sehr zuversichtlich, dass wir wie immer einen Weg finden werden, f\u00fcr alle einen sch\u00f6nen Tag auf die Beine zu stellen.<\/p>\n\n\n\n<p>Das Areal ist sehr weitl\u00e4ufig und verteilt sich auf die gesamte Umgebung von Eberbach. Man sollte also selektiv vorgehen. Stoff f\u00fcr mehr als einen Ausflug dahin&#8230;<\/p>\n\n\n\n<p><strong>Anreise:<\/strong><br>Individuell mit dem Auto, leider scheint es auf der Bahnstrecke Bauarbeiten zu geben, so dass eine vertretbare Anreise mit dem Zug nicht m\u00f6glich ist am Samstag. Hanna hat angeboten die Bikes im Transporter mitzunehmen. Wir sollten das als Fahrgemeinschaft irgendwie hinbekommen. Wer ohne ist, bitte laut und deutlich melden&#8230;!<\/p>\n\n\n\n<p><strong>Aus eigener Erfahrung bitte an Bargeld als Zahlungsmittel denken, ich gehe nicht davon aus, dass man die Bratwurst auf dem Fest mit Karte zahlen kann.<\/strong><\/p>\n\n\n\n<p>Weiterf\u00fchrende Links als Info:<br><a href=\"https:\/\/xn--bikelnd-9wa.de\/\">&gt;Homepage des Bikel\u00e4nd Eberbach&lt;<\/a><br><a href=\"https:\/\/www.bike-magazin.de\/touren\/deutschland\/odenwald-die-3-top-mtb-trailtouren-im-bike-revier-guide-eberbach\/\">&gt;Bericht im Bike-Magazin \u00fcber das Bikel\u00e4nd&lt;<\/a><\/p>\n\n\n\n<p class=\"has-text-align-center has-background\" style=\"background-color:#fcb90045\"><strong>Ich w\u00fcrde gerne Foto und Filmaufnahmen machen, und diese auch im Internet ver\u00f6ffentlichen. Wer nicht erkannt werden m\u00f6chte, sagt mir das bitte!<\/strong><br><\/p>\n","protected":false},"excerpt":{"rendered":"<p>Wir freuen uns wie Bolle auf den 2 Teil des Saisonabschlusses. Als wir das Datum geplant haben, war mir gar nicht bewusst, dass das &#8222;Grand-Opening&#8220; des Bikel\u00e4nd Eberbach just auf den Tag f\u00e4llt &#8211; gut, nehmen wir mit. Wichtige Hinweise:Wie immer erfolgt die Teilnahme auf eigene Verantwortung und eigenes Risiko. Von uns kennt niemand das &hellip; <\/p>\n<p class=\"link-more\"><a href=\"https:\/\/www.bike-guides.de\/index.php\/saisonabschluss-teil-ii-23-09-eberbach-und-bikelaend-opening\/\" class=\"more-link\"><span class=\"screen-reader-text\">\u201eSaisonabschluss Teil II: 23.09. Eberbach und Bikel\u00e4nd-Opening\u201c <\/span>weiterlesen<\/a><\/p>\n","protected":false},"author":1,"featured_media":0,"parent":0,"menu_order":0,"comment_status":"closed","ping_status":"closed","template":"","meta":{"jetpack_post_was_ever_published":false,"footnotes":""},"class_list":["post-2685","page","type-page","status-publish","hentry"],"yoast_head":"<!-- This site is optimized with the Yoast SEO plugin v27.6 - https:\/\/yoast.com\/product\/yoast-seo-wordpress\/ -->\n<title>Saisonabschluss Teil II: 23.09. Eberbach und Bikel\u00e4nd-Opening - Bike-Guides Weinheim<\/title>\n<meta name=\"robots\" content=\"index, follow, max-snippet:-1, max-image-preview:large, max-video-preview:-1\" \/>\n<link rel=\"canonical\" href=\"https:\/\/www.bike-guides.de\/index.php\/saisonabschluss-teil-ii-23-09-eberbach-und-bikelaend-opening\/\" \/>\n<meta property=\"og:locale\" content=\"de_DE\" \/>\n<meta property=\"og:type\" content=\"article\" \/>\n<meta property=\"og:title\" content=\"Saisonabschluss Teil II: 23.09. Eberbach und Bikel\u00e4nd-Opening - Bike-Guides Weinheim\" \/>\n<meta property=\"og:description\" content=\"Wir freuen uns wie Bolle auf den 2 Teil des Saisonabschlusses. Als wir das Datum geplant haben, war mir gar nicht bewusst, dass das &#8222;Grand-Opening&#8220; des Bikel\u00e4nd Eberbach just auf den Tag f\u00e4llt &#8211; gut, nehmen wir mit. Wichtige Hinweise:Wie immer erfolgt die Teilnahme auf eigene Verantwortung und eigenes Risiko. Von uns kennt niemand das &hellip; \u201eSaisonabschluss Teil II: 23.09. Eberbach und Bikel\u00e4nd-Opening\u201c weiterlesen\" \/>\n<meta property=\"og:url\" content=\"https:\/\/www.bike-guides.de\/index.php\/saisonabschluss-teil-ii-23-09-eberbach-und-bikelaend-opening\/\" \/>\n<meta property=\"og:site_name\" content=\"Bike-Guides Weinheim\" \/>\n<meta property=\"article:modified_time\" content=\"2023-09-20T10:49:51+00:00\" \/>\n<meta name=\"twitter:card\" content=\"summary_large_image\" \/>\n<meta name=\"twitter:label1\" content=\"Gesch\u00e4tzte Lesezeit\" \/>\n\t<meta name=\"twitter:data1\" content=\"3\u00a0Minuten\" \/>\n<script type=\"application\/ld+json\" class=\"yoast-schema-graph\">{\"@context\":\"https:\\\/\\\/schema.org\",\"@graph\":[{\"@type\":\"WebPage\",\"@id\":\"https:\\\/\\\/www.bike-guides.de\\\/index.php\\\/saisonabschluss-teil-ii-23-09-eberbach-und-bikelaend-opening\\\/\",\"url\":\"https:\\\/\\\/www.bike-guides.de\\\/index.php\\\/saisonabschluss-teil-ii-23-09-eberbach-und-bikelaend-opening\\\/\",\"name\":\"Saisonabschluss Teil II: 23.09. Eberbach und Bikel\u00e4nd-Opening - Bike-Guides Weinheim\",\"isPartOf\":{\"@id\":\"https:\\\/\\\/www.bike-guides.de\\\/#website\"},\"datePublished\":\"2023-09-20T09:30:55+00:00\",\"dateModified\":\"2023-09-20T10:49:51+00:00\",\"breadcrumb\":{\"@id\":\"https:\\\/\\\/www.bike-guides.de\\\/index.php\\\/saisonabschluss-teil-ii-23-09-eberbach-und-bikelaend-opening\\\/#breadcrumb\"},\"inLanguage\":\"de\",\"potentialAction\":[{\"@type\":\"ReadAction\",\"target\":[\"https:\\\/\\\/www.bike-guides.de\\\/index.php\\\/saisonabschluss-teil-ii-23-09-eberbach-und-bikelaend-opening\\\/\"]}]},{\"@type\":\"BreadcrumbList\",\"@id\":\"https:\\\/\\\/www.bike-guides.de\\\/index.php\\\/saisonabschluss-teil-ii-23-09-eberbach-und-bikelaend-opening\\\/#breadcrumb\",\"itemListElement\":[{\"@type\":\"ListItem\",\"position\":1,\"name\":\"Startseite\",\"item\":\"https:\\\/\\\/www.bike-guides.de\\\/\"},{\"@type\":\"ListItem\",\"position\":2,\"name\":\"Saisonabschluss Teil II: 23.09. Eberbach und Bikel\u00e4nd-Opening\"}]},{\"@type\":\"WebSite\",\"@id\":\"https:\\\/\\\/www.bike-guides.de\\\/#website\",\"url\":\"https:\\\/\\\/www.bike-guides.de\\\/\",\"name\":\"Bike-Guides Weinheim\",\"description\":\"Gef\u00fchrte Touren und Events mit dem E-Mountainbike im Odenwald\",\"publisher\":{\"@id\":\"https:\\\/\\\/www.bike-guides.de\\\/#organization\"},\"potentialAction\":[{\"@type\":\"SearchAction\",\"target\":{\"@type\":\"EntryPoint\",\"urlTemplate\":\"https:\\\/\\\/www.bike-guides.de\\\/?s={search_term_string}\"},\"query-input\":{\"@type\":\"PropertyValueSpecification\",\"valueRequired\":true,\"valueName\":\"search_term_string\"}}],\"inLanguage\":\"de\"},{\"@type\":\"Organization\",\"@id\":\"https:\\\/\\\/www.bike-guides.de\\\/#organization\",\"name\":\"Bike-Guides Weinheim\",\"url\":\"https:\\\/\\\/www.bike-guides.de\\\/\",\"logo\":{\"@type\":\"ImageObject\",\"inLanguage\":\"de\",\"@id\":\"https:\\\/\\\/www.bike-guides.de\\\/#\\\/schema\\\/logo\\\/image\\\/\",\"url\":\"https:\\\/\\\/www.bike-guides.de\\\/wp-content\\\/uploads\\\/2022\\\/10\\\/cropped-logo-wei-wei.png\",\"contentUrl\":\"https:\\\/\\\/www.bike-guides.de\\\/wp-content\\\/uploads\\\/2022\\\/10\\\/cropped-logo-wei-wei.png\",\"width\":313,\"height\":250,\"caption\":\"Bike-Guides Weinheim\"},\"image\":{\"@id\":\"https:\\\/\\\/www.bike-guides.de\\\/#\\\/schema\\\/logo\\\/image\\\/\"}}]}<\/script>\n<!-- \/ Yoast SEO plugin. -->","yoast_head_json":{"title":"Saisonabschluss Teil II: 23.09. Eberbach und Bikel\u00e4nd-Opening - Bike-Guides Weinheim","robots":{"index":"index","follow":"follow","max-snippet":"max-snippet:-1","max-image-preview":"max-image-preview:large","max-video-preview":"max-video-preview:-1"},"canonical":"https:\/\/www.bike-guides.de\/index.php\/saisonabschluss-teil-ii-23-09-eberbach-und-bikelaend-opening\/","og_locale":"de_DE","og_type":"article","og_title":"Saisonabschluss Teil II: 23.09. Eberbach und Bikel\u00e4nd-Opening - Bike-Guides Weinheim","og_description":"Wir freuen uns wie Bolle auf den 2 Teil des Saisonabschlusses. Als wir das Datum geplant haben, war mir gar nicht bewusst, dass das &#8222;Grand-Opening&#8220; des Bikel\u00e4nd Eberbach just auf den Tag f\u00e4llt &#8211; gut, nehmen wir mit. Wichtige Hinweise:Wie immer erfolgt die Teilnahme auf eigene Verantwortung und eigenes Risiko. Von uns kennt niemand das &hellip; \u201eSaisonabschluss Teil II: 23.09. Eberbach und Bikel\u00e4nd-Opening\u201c weiterlesen","og_url":"https:\/\/www.bike-guides.de\/index.php\/saisonabschluss-teil-ii-23-09-eberbach-und-bikelaend-opening\/","og_site_name":"Bike-Guides Weinheim","article_modified_time":"2023-09-20T10:49:51+00:00","twitter_card":"summary_large_image","twitter_misc":{"Gesch\u00e4tzte Lesezeit":"3\u00a0Minuten"},"schema":{"@context":"https:\/\/schema.org","@graph":[{"@type":"WebPage","@id":"https:\/\/www.bike-guides.de\/index.php\/saisonabschluss-teil-ii-23-09-eberbach-und-bikelaend-opening\/","url":"https:\/\/www.bike-guides.de\/index.php\/saisonabschluss-teil-ii-23-09-eberbach-und-bikelaend-opening\/","name":"Saisonabschluss Teil II: 23.09. Eberbach und Bikel\u00e4nd-Opening - Bike-Guides Weinheim","isPartOf":{"@id":"https:\/\/www.bike-guides.de\/#website"},"datePublished":"2023-09-20T09:30:55+00:00","dateModified":"2023-09-20T10:49:51+00:00","breadcrumb":{"@id":"https:\/\/www.bike-guides.de\/index.php\/saisonabschluss-teil-ii-23-09-eberbach-und-bikelaend-opening\/#breadcrumb"},"inLanguage":"de","potentialAction":[{"@type":"ReadAction","target":["https:\/\/www.bike-guides.de\/index.php\/saisonabschluss-teil-ii-23-09-eberbach-und-bikelaend-opening\/"]}]},{"@type":"BreadcrumbList","@id":"https:\/\/www.bike-guides.de\/index.php\/saisonabschluss-teil-ii-23-09-eberbach-und-bikelaend-opening\/#breadcrumb","itemListElement":[{"@type":"ListItem","position":1,"name":"Startseite","item":"https:\/\/www.bike-guides.de\/"},{"@type":"ListItem","position":2,"name":"Saisonabschluss Teil II: 23.09. Eberbach und Bikel\u00e4nd-Opening"}]},{"@type":"WebSite","@id":"https:\/\/www.bike-guides.de\/#website","url":"https:\/\/www.bike-guides.de\/","name":"Bike-Guides Weinheim","description":"Gef\u00fchrte Touren und Events mit dem E-Mountainbike im Odenwald","publisher":{"@id":"https:\/\/www.bike-guides.de\/#organization"},"potentialAction":[{"@type":"SearchAction","target":{"@type":"EntryPoint","urlTemplate":"https:\/\/www.bike-guides.de\/?s={search_term_string}"},"query-input":{"@type":"PropertyValueSpecification","valueRequired":true,"valueName":"search_term_string"}}],"inLanguage":"de"},{"@type":"Organization","@id":"https:\/\/www.bike-guides.de\/#organization","name":"Bike-Guides Weinheim","url":"https:\/\/www.bike-guides.de\/","logo":{"@type":"ImageObject","inLanguage":"de","@id":"https:\/\/www.bike-guides.de\/#\/schema\/logo\/image\/","url":"https:\/\/www.bike-guides.de\/wp-content\/uploads\/2022\/10\/cropped-logo-wei-wei.png","contentUrl":"https:\/\/www.bike-guides.de\/wp-content\/uploads\/2022\/10\/cropped-logo-wei-wei.png","width":313,"height":250,"caption":"Bike-Guides Weinheim"},"image":{"@id":"https:\/\/www.bike-guides.de\/#\/schema\/logo\/image\/"}}]}},"jetpack_sharing_enabled":true,"_links":{"self":[{"href":"https:\/\/www.bike-guides.de\/index.php\/wp-json\/wp\/v2\/pages\/2685","targetHints":{"allow":["GET"]}}],"collection":[{"href":"https:\/\/www.bike-guides.de\/index.php\/wp-json\/wp\/v2\/pages"}],"about":[{"href":"https:\/\/www.bike-guides.de\/index.php\/wp-json\/wp\/v2\/types\/page"}],"author":[{"embeddable":true,"href":"https:\/\/www.bike-guides.de\/index.php\/wp-json\/wp\/v2\/users\/1"}],"replies":[{"embeddable":true,"href":"https:\/\/www.bike-guides.de\/index.php\/wp-json\/wp\/v2\/comments?post=2685"}],"version-history":[{"count":9,"href":"https:\/\/www.bike-guides.de\/index.php\/wp-json\/wp\/v2\/pages\/2685\/revisions"}],"predecessor-version":[{"id":2696,"href":"https:\/\/www.bike-guides.de\/index.php\/wp-json\/wp\/v2\/pages\/2685\/revisions\/2696"}],"wp:attachment":[{"href":"https:\/\/www.bike-guides.de\/index.php\/wp-json\/wp\/v2\/media?parent=2685"}],"curies":[{"name":"wp","href":"https:\/\/api.w.org\/{rel}","templated":true}]}}