{"id":20,"date":"2022-10-01T21:15:22","date_gmt":"2022-10-01T21:15:22","guid":{"rendered":"https:\/\/www.bike-guides.de\/?page_id=20"},"modified":"2023-04-01T02:19:12","modified_gmt":"2023-04-01T00:19:12","slug":"ein-homepage-abschnitt","status":"publish","type":"page","link":"https:\/\/www.bike-guides.de\/index.php\/ein-homepage-abschnitt\/","title":{"rendered":"Entspannt erfahren&#8230;"},"content":{"rendered":"\n<p>Kraft tanken in der einzigartigen Natur des Geoparks Odenwald. Spa\u00df in der Gruppe oder individuell haben, durchatmen, raus aus dem Sofa &#8211; \u00fcber sich hinauswachsen, Neues erleben, zu sich finden &#8211; sich die sch\u00f6nsten Routen und Trails zu mystischen, <a href=\"https:\/\/www.bike-guides.de\/index.php\/2022\/10\/06\/wildeleutestein-eichelberg-tour\/\">sagenumwobenen Pl\u00e4tzen<\/a> von einem ortskundigen Guide in einer <a href=\"https:\/\/www.bike-guides.de\/index.php\/2022\/10\/16\/burgen-tour-mit-mountainbikes-bis-ans-ende-der-welt\/\">gef\u00fchrten E-Mountainbike-Tour<\/a> zeigen lassen, ein Event mit uns planen.<\/p>\n\n\n\n<figure class=\"wp-block-image size-full\"><img loading=\"lazy\" decoding=\"async\" width=\"800\" height=\"794\" src=\"https:\/\/www.bike-guides.de\/wp-content\/uploads\/2023\/03\/sonne-entgegen.jpg\" alt=\"Aussich auf die Rheineben \u00fcber Fahrradlenker gegen die Sonne\" class=\"wp-image-1272\" title=\"Mountainbike mit Aussicht\" srcset=\"https:\/\/www.bike-guides.de\/wp-content\/uploads\/2023\/03\/sonne-entgegen.jpg 800w, https:\/\/www.bike-guides.de\/wp-content\/uploads\/2023\/03\/sonne-entgegen-300x298.jpg 300w, https:\/\/www.bike-guides.de\/wp-content\/uploads\/2023\/03\/sonne-entgegen-150x150.jpg 150w, https:\/\/www.bike-guides.de\/wp-content\/uploads\/2023\/03\/sonne-entgegen-768x762.jpg 768w, https:\/\/www.bike-guides.de\/wp-content\/uploads\/2023\/03\/sonne-entgegen-100x100.jpg 100w\" sizes=\"auto, (max-width: 767px) 89vw, (max-width: 1000px) 54vw, (max-width: 1071px) 543px, 580px\" \/><\/figure>\n","protected":false},"excerpt":{"rendered":"<p>Kraft tanken in der einzigartigen Natur des Geoparks Odenwald. Spa\u00df in der Gruppe oder individuell haben, durchatmen, raus aus dem Sofa &#8211; \u00fcber sich hinauswachsen, Neues erleben, zu sich finden &#8211; sich die sch\u00f6nsten Routen und Trails zu mystischen, sagenumwobenen Pl\u00e4tzen von einem ortskundigen Guide in einer gef\u00fchrten E-Mountainbike-Tour zeigen lassen, ein Event mit uns &hellip; <\/p>\n<p class=\"link-more\"><a href=\"https:\/\/www.bike-guides.de\/index.php\/ein-homepage-abschnitt\/\" class=\"more-link\"><span class=\"screen-reader-text\">\u201eEntspannt erfahren&#8230;\u201c <\/span>weiterlesen<\/a><\/p>\n","protected":false},"author":1,"featured_media":1256,"parent":0,"menu_order":0,"comment_status":"closed","ping_status":"closed","template":"","meta":{"jetpack_post_was_ever_published":false,"footnotes":""},"class_list":["post-20","page","type-page","status-publish","has-post-thumbnail","hentry"],"yoast_head":"<!-- This site is optimized with the Yoast SEO plugin v27.5 - https:\/\/yoast.com\/product\/yoast-seo-wordpress\/ -->\n<title>Entspannt erfahren... - Bike-Guides Weinheim<\/title>\n<meta name=\"robots\" content=\"index, follow, max-snippet:-1, max-image-preview:large, max-video-preview:-1\" \/>\n<link rel=\"canonical\" href=\"https:\/\/www.bike-guides.de\/index.php\/ein-homepage-abschnitt\/\" \/>\n<meta property=\"og:locale\" content=\"de_DE\" \/>\n<meta property=\"og:type\" content=\"article\" \/>\n<meta property=\"og:title\" content=\"Entspannt erfahren... - Bike-Guides Weinheim\" \/>\n<meta property=\"og:description\" content=\"Kraft tanken in der einzigartigen Natur des Geoparks Odenwald. Spa\u00df in der Gruppe oder individuell haben, durchatmen, raus aus dem Sofa &#8211; \u00fcber sich hinauswachsen, Neues erleben, zu sich finden &#8211; sich die sch\u00f6nsten Routen und Trails zu mystischen, sagenumwobenen Pl\u00e4tzen von einem ortskundigen Guide in einer gef\u00fchrten E-Mountainbike-Tour zeigen lassen, ein Event mit uns &hellip; \u201eEntspannt erfahren&#8230;\u201c weiterlesen\" \/>\n<meta property=\"og:url\" content=\"https:\/\/www.bike-guides.de\/index.php\/ein-homepage-abschnitt\/\" \/>\n<meta property=\"og:site_name\" content=\"Bike-Guides Weinheim\" \/>\n<meta property=\"article:modified_time\" content=\"2023-04-01T00:19:12+00:00\" \/>\n<meta property=\"og:image\" content=\"https:\/\/www.bike-guides.de\/wp-content\/uploads\/2023\/03\/claudi.jpg\" \/>\n\t<meta property=\"og:image:width\" content=\"2000\" \/>\n\t<meta property=\"og:image:height\" content=\"1500\" \/>\n\t<meta property=\"og:image:type\" content=\"image\/jpeg\" \/>\n<meta name=\"twitter:card\" content=\"summary_large_image\" \/>\n<meta name=\"twitter:label1\" content=\"Gesch\u00e4tzte Lesezeit\" \/>\n\t<meta name=\"twitter:data1\" content=\"1\u00a0Minute\" \/>\n<script type=\"application\/ld+json\" class=\"yoast-schema-graph\">{\"@context\":\"https:\\\/\\\/schema.org\",\"@graph\":[{\"@type\":\"WebPage\",\"@id\":\"https:\\\/\\\/www.bike-guides.de\\\/index.php\\\/ein-homepage-abschnitt\\\/\",\"url\":\"https:\\\/\\\/www.bike-guides.de\\\/index.php\\\/ein-homepage-abschnitt\\\/\",\"name\":\"Entspannt erfahren... - Bike-Guides Weinheim\",\"isPartOf\":{\"@id\":\"https:\\\/\\\/www.bike-guides.de\\\/#website\"},\"primaryImageOfPage\":{\"@id\":\"https:\\\/\\\/www.bike-guides.de\\\/index.php\\\/ein-homepage-abschnitt\\\/#primaryimage\"},\"image\":{\"@id\":\"https:\\\/\\\/www.bike-guides.de\\\/index.php\\\/ein-homepage-abschnitt\\\/#primaryimage\"},\"thumbnailUrl\":\"https:\\\/\\\/www.bike-guides.de\\\/wp-content\\\/uploads\\\/2023\\\/03\\\/claudi.jpg\",\"datePublished\":\"2022-10-01T21:15:22+00:00\",\"dateModified\":\"2023-04-01T00:19:12+00:00\",\"breadcrumb\":{\"@id\":\"https:\\\/\\\/www.bike-guides.de\\\/index.php\\\/ein-homepage-abschnitt\\\/#breadcrumb\"},\"inLanguage\":\"de\",\"potentialAction\":[{\"@type\":\"ReadAction\",\"target\":[\"https:\\\/\\\/www.bike-guides.de\\\/index.php\\\/ein-homepage-abschnitt\\\/\"]}]},{\"@type\":\"ImageObject\",\"inLanguage\":\"de\",\"@id\":\"https:\\\/\\\/www.bike-guides.de\\\/index.php\\\/ein-homepage-abschnitt\\\/#primaryimage\",\"url\":\"https:\\\/\\\/www.bike-guides.de\\\/wp-content\\\/uploads\\\/2023\\\/03\\\/claudi.jpg\",\"contentUrl\":\"https:\\\/\\\/www.bike-guides.de\\\/wp-content\\\/uploads\\\/2023\\\/03\\\/claudi.jpg\",\"width\":2000,\"height\":1500},{\"@type\":\"BreadcrumbList\",\"@id\":\"https:\\\/\\\/www.bike-guides.de\\\/index.php\\\/ein-homepage-abschnitt\\\/#breadcrumb\",\"itemListElement\":[{\"@type\":\"ListItem\",\"position\":1,\"name\":\"Startseite\",\"item\":\"https:\\\/\\\/www.bike-guides.de\\\/\"},{\"@type\":\"ListItem\",\"position\":2,\"name\":\"Entspannt erfahren&#8230;\"}]},{\"@type\":\"WebSite\",\"@id\":\"https:\\\/\\\/www.bike-guides.de\\\/#website\",\"url\":\"https:\\\/\\\/www.bike-guides.de\\\/\",\"name\":\"Bike-Guides Weinheim\",\"description\":\"Gef\u00fchrte Touren und Events mit dem E-Mountainbike im Odenwald\",\"publisher\":{\"@id\":\"https:\\\/\\\/www.bike-guides.de\\\/#organization\"},\"potentialAction\":[{\"@type\":\"SearchAction\",\"target\":{\"@type\":\"EntryPoint\",\"urlTemplate\":\"https:\\\/\\\/www.bike-guides.de\\\/?s={search_term_string}\"},\"query-input\":{\"@type\":\"PropertyValueSpecification\",\"valueRequired\":true,\"valueName\":\"search_term_string\"}}],\"inLanguage\":\"de\"},{\"@type\":\"Organization\",\"@id\":\"https:\\\/\\\/www.bike-guides.de\\\/#organization\",\"name\":\"Bike-Guides Weinheim\",\"url\":\"https:\\\/\\\/www.bike-guides.de\\\/\",\"logo\":{\"@type\":\"ImageObject\",\"inLanguage\":\"de\",\"@id\":\"https:\\\/\\\/www.bike-guides.de\\\/#\\\/schema\\\/logo\\\/image\\\/\",\"url\":\"https:\\\/\\\/www.bike-guides.de\\\/wp-content\\\/uploads\\\/2022\\\/10\\\/cropped-logo-wei-wei.png\",\"contentUrl\":\"https:\\\/\\\/www.bike-guides.de\\\/wp-content\\\/uploads\\\/2022\\\/10\\\/cropped-logo-wei-wei.png\",\"width\":313,\"height\":250,\"caption\":\"Bike-Guides Weinheim\"},\"image\":{\"@id\":\"https:\\\/\\\/www.bike-guides.de\\\/#\\\/schema\\\/logo\\\/image\\\/\"}}]}<\/script>\n<!-- \/ Yoast SEO plugin. -->","yoast_head_json":{"title":"Entspannt erfahren... - Bike-Guides Weinheim","robots":{"index":"index","follow":"follow","max-snippet":"max-snippet:-1","max-image-preview":"max-image-preview:large","max-video-preview":"max-video-preview:-1"},"canonical":"https:\/\/www.bike-guides.de\/index.php\/ein-homepage-abschnitt\/","og_locale":"de_DE","og_type":"article","og_title":"Entspannt erfahren... - Bike-Guides Weinheim","og_description":"Kraft tanken in der einzigartigen Natur des Geoparks Odenwald. Spa\u00df in der Gruppe oder individuell haben, durchatmen, raus aus dem Sofa &#8211; \u00fcber sich hinauswachsen, Neues erleben, zu sich finden &#8211; sich die sch\u00f6nsten Routen und Trails zu mystischen, sagenumwobenen Pl\u00e4tzen von einem ortskundigen Guide in einer gef\u00fchrten E-Mountainbike-Tour zeigen lassen, ein Event mit uns &hellip; \u201eEntspannt erfahren&#8230;\u201c weiterlesen","og_url":"https:\/\/www.bike-guides.de\/index.php\/ein-homepage-abschnitt\/","og_site_name":"Bike-Guides Weinheim","article_modified_time":"2023-04-01T00:19:12+00:00","og_image":[{"width":2000,"height":1500,"url":"https:\/\/www.bike-guides.de\/wp-content\/uploads\/2023\/03\/claudi.jpg","type":"image\/jpeg"}],"twitter_card":"summary_large_image","twitter_misc":{"Gesch\u00e4tzte Lesezeit":"1\u00a0Minute"},"schema":{"@context":"https:\/\/schema.org","@graph":[{"@type":"WebPage","@id":"https:\/\/www.bike-guides.de\/index.php\/ein-homepage-abschnitt\/","url":"https:\/\/www.bike-guides.de\/index.php\/ein-homepage-abschnitt\/","name":"Entspannt erfahren... - Bike-Guides Weinheim","isPartOf":{"@id":"https:\/\/www.bike-guides.de\/#website"},"primaryImageOfPage":{"@id":"https:\/\/www.bike-guides.de\/index.php\/ein-homepage-abschnitt\/#primaryimage"},"image":{"@id":"https:\/\/www.bike-guides.de\/index.php\/ein-homepage-abschnitt\/#primaryimage"},"thumbnailUrl":"https:\/\/www.bike-guides.de\/wp-content\/uploads\/2023\/03\/claudi.jpg","datePublished":"2022-10-01T21:15:22+00:00","dateModified":"2023-04-01T00:19:12+00:00","breadcrumb":{"@id":"https:\/\/www.bike-guides.de\/index.php\/ein-homepage-abschnitt\/#breadcrumb"},"inLanguage":"de","potentialAction":[{"@type":"ReadAction","target":["https:\/\/www.bike-guides.de\/index.php\/ein-homepage-abschnitt\/"]}]},{"@type":"ImageObject","inLanguage":"de","@id":"https:\/\/www.bike-guides.de\/index.php\/ein-homepage-abschnitt\/#primaryimage","url":"https:\/\/www.bike-guides.de\/wp-content\/uploads\/2023\/03\/claudi.jpg","contentUrl":"https:\/\/www.bike-guides.de\/wp-content\/uploads\/2023\/03\/claudi.jpg","width":2000,"height":1500},{"@type":"BreadcrumbList","@id":"https:\/\/www.bike-guides.de\/index.php\/ein-homepage-abschnitt\/#breadcrumb","itemListElement":[{"@type":"ListItem","position":1,"name":"Startseite","item":"https:\/\/www.bike-guides.de\/"},{"@type":"ListItem","position":2,"name":"Entspannt erfahren&#8230;"}]},{"@type":"WebSite","@id":"https:\/\/www.bike-guides.de\/#website","url":"https:\/\/www.bike-guides.de\/","name":"Bike-Guides Weinheim","description":"Gef\u00fchrte Touren und Events mit dem E-Mountainbike im Odenwald","publisher":{"@id":"https:\/\/www.bike-guides.de\/#organization"},"potentialAction":[{"@type":"SearchAction","target":{"@type":"EntryPoint","urlTemplate":"https:\/\/www.bike-guides.de\/?s={search_term_string}"},"query-input":{"@type":"PropertyValueSpecification","valueRequired":true,"valueName":"search_term_string"}}],"inLanguage":"de"},{"@type":"Organization","@id":"https:\/\/www.bike-guides.de\/#organization","name":"Bike-Guides Weinheim","url":"https:\/\/www.bike-guides.de\/","logo":{"@type":"ImageObject","inLanguage":"de","@id":"https:\/\/www.bike-guides.de\/#\/schema\/logo\/image\/","url":"https:\/\/www.bike-guides.de\/wp-content\/uploads\/2022\/10\/cropped-logo-wei-wei.png","contentUrl":"https:\/\/www.bike-guides.de\/wp-content\/uploads\/2022\/10\/cropped-logo-wei-wei.png","width":313,"height":250,"caption":"Bike-Guides Weinheim"},"image":{"@id":"https:\/\/www.bike-guides.de\/#\/schema\/logo\/image\/"}}]}},"jetpack_sharing_enabled":true,"_links":{"self":[{"href":"https:\/\/www.bike-guides.de\/index.php\/wp-json\/wp\/v2\/pages\/20","targetHints":{"allow":["GET"]}}],"collection":[{"href":"https:\/\/www.bike-guides.de\/index.php\/wp-json\/wp\/v2\/pages"}],"about":[{"href":"https:\/\/www.bike-guides.de\/index.php\/wp-json\/wp\/v2\/types\/page"}],"author":[{"embeddable":true,"href":"https:\/\/www.bike-guides.de\/index.php\/wp-json\/wp\/v2\/users\/1"}],"replies":[{"embeddable":true,"href":"https:\/\/www.bike-guides.de\/index.php\/wp-json\/wp\/v2\/comments?post=20"}],"version-history":[{"count":15,"href":"https:\/\/www.bike-guides.de\/index.php\/wp-json\/wp\/v2\/pages\/20\/revisions"}],"predecessor-version":[{"id":1317,"href":"https:\/\/www.bike-guides.de\/index.php\/wp-json\/wp\/v2\/pages\/20\/revisions\/1317"}],"wp:featuredmedia":[{"embeddable":true,"href":"https:\/\/www.bike-guides.de\/index.php\/wp-json\/wp\/v2\/media\/1256"}],"wp:attachment":[{"href":"https:\/\/www.bike-guides.de\/index.php\/wp-json\/wp\/v2\/media?parent=20"}],"curies":[{"name":"wp","href":"https:\/\/api.w.org\/{rel}","templated":true}]}}