{"id":17,"date":"2022-10-01T21:15:22","date_gmt":"2022-10-01T21:15:22","guid":{"rendered":"https:\/\/www.bike-guides.de\/?page_id=17"},"modified":"2023-03-27T00:50:15","modified_gmt":"2023-03-26T22:50:15","slug":"mountainbike-revier-odenwald","status":"publish","type":"page","link":"https:\/\/www.bike-guides.de\/index.php\/mountainbike-revier-odenwald\/","title":{"rendered":"Hoch hinaus"},"content":{"rendered":"\n<h1 class=\"wp-block-heading\">Das Mountainbike-Revier vorderer Odenwald um Weinheim<\/h1>\n\n\n\n<p>Die Randlage des Odenwaldes \u00fcber der Rheinebene bietet immer wieder atemberaubende Ausblicke und M\u00f6glichkeiten an buchst\u00e4blich jeder Ecke Geschichte und Geschichten zu erleben.<\/p>\n\n\n<div class=\"wp-block-image\">\n<figure class=\"aligncenter size-full is-resized\"><img loading=\"lazy\" decoding=\"async\" src=\"https:\/\/www.bike-guides.de\/wp-content\/uploads\/2022\/10\/WachenburgWeinheim2017-06-11-13-54-32.jpg\" alt=\"Wachenburg Weinheim und angrenzender Steinbruch aus der Luft aufgenommen\" class=\"wp-image-495\" width=\"602\" height=\"401\" title=\"Wachenburg Weinheim\" srcset=\"https:\/\/www.bike-guides.de\/wp-content\/uploads\/2022\/10\/WachenburgWeinheim2017-06-11-13-54-32.jpg 600w, https:\/\/www.bike-guides.de\/wp-content\/uploads\/2022\/10\/WachenburgWeinheim2017-06-11-13-54-32-300x200.jpg 300w\" sizes=\"auto, (max-width: 602px) 100vw, 602px\" \/><figcaption class=\"wp-element-caption\">Wachenburg Weinheim (Foto: Von <a href=\"https:\/\/commons.wikimedia.org\/wiki\/User:Laniakea-rubikon\" target=\"_blank\" rel=\"noreferrer noopener\">Rolf Kickuth<\/a> &#8211; Eigenes Werk,<a href=\"https:\/\/creativecommons.org\/licenses\/by-sa\/4.0\" target=\"_blank\" rel=\"noreferrer noopener\"> CC BY-SA 4.0<\/a>,)<\/figcaption><\/figure>\n<\/div>\n\n\n<h2 class=\"wp-block-heading\">Abwechslung pur<\/h2>\n\n\n\n<p><a href=\"https:\/\/www.bike-guides.de\/index.php\/2022\/10\/06\/wildeleutestein-eichelberg-tour\/\">Dichte, dunkle W\u00e4lder mit verwitternden Felsen<\/a> wechseln sich mit sonnendurchfluteten weiten Wiesen ab, die immer wieder traumhafte Ausblicke gew\u00e4hren.<\/p>\n\n\n\n<figure class=\"wp-block-gallery has-nested-images columns-default is-cropped wp-block-gallery-1 is-layout-flex wp-block-gallery-is-layout-flex\">\n<figure class=\"wp-block-image size-large\"><img loading=\"lazy\" decoding=\"async\" width=\"500\" height=\"667\" data-id=\"328\" src=\"https:\/\/www.bike-guides.de\/wp-content\/uploads\/2022\/10\/hoehle-wildeleutestein-mountainbike.jpg\" alt=\"Mountainbike vor H\u00f6hle am Wildeleutestein\" class=\"wp-image-328\" title=\"H\u00f6hle Wildeleutestein\" srcset=\"https:\/\/www.bike-guides.de\/wp-content\/uploads\/2022\/10\/hoehle-wildeleutestein-mountainbike.jpg 500w, https:\/\/www.bike-guides.de\/wp-content\/uploads\/2022\/10\/hoehle-wildeleutestein-mountainbike-225x300.jpg 225w\" sizes=\"auto, (max-width: 500px) 100vw, 500px\" \/><\/figure>\n\n\n\n<figure class=\"wp-block-image size-full\"><img loading=\"lazy\" decoding=\"async\" width=\"500\" height=\"375\" data-id=\"388\" src=\"https:\/\/www.bike-guides.de\/wp-content\/uploads\/2022\/10\/ausblick-startour.jpg\" alt=\"Gruppe Mountainbiker auf Tour im Odenwald\" class=\"wp-image-388\" title=\"Gruppe auf Mountainbiketour im Odenwald\" srcset=\"https:\/\/www.bike-guides.de\/wp-content\/uploads\/2022\/10\/ausblick-startour.jpg 500w, https:\/\/www.bike-guides.de\/wp-content\/uploads\/2022\/10\/ausblick-startour-300x225.jpg 300w\" sizes=\"auto, (max-width: 500px) 100vw, 500px\" \/><\/figure>\n\n\n\n<figure class=\"wp-block-image size-large\"><img loading=\"lazy\" decoding=\"async\" width=\"1200\" height=\"1600\" data-id=\"196\" src=\"https:\/\/www.bike-guides.de\/wp-content\/uploads\/2022\/10\/Wildeleutestein-oben.jpg\" alt=\"Mountainbike oberhalb des Wildeleutesteins\" class=\"wp-image-196\" title=\"Mountainbike oberhalb Wildeleutestein\" srcset=\"https:\/\/www.bike-guides.de\/wp-content\/uploads\/2022\/10\/Wildeleutestein-oben.jpg 1200w, https:\/\/www.bike-guides.de\/wp-content\/uploads\/2022\/10\/Wildeleutestein-oben-225x300.jpg 225w, https:\/\/www.bike-guides.de\/wp-content\/uploads\/2022\/10\/Wildeleutestein-oben-768x1024.jpg 768w, https:\/\/www.bike-guides.de\/wp-content\/uploads\/2022\/10\/Wildeleutestein-oben-1152x1536.jpg 1152w\" sizes=\"auto, (max-width: 767px) 89vw, (max-width: 1000px) 54vw, (max-width: 1071px) 543px, 580px\" \/><\/figure>\n\n\n\n<figure class=\"wp-block-image size-full\"><img loading=\"lazy\" decoding=\"async\" width=\"800\" height=\"574\" data-id=\"507\" src=\"https:\/\/www.bike-guides.de\/wp-content\/uploads\/2022\/10\/seitenblick-wiese-3.jpg\" alt=\"Mountainbikerin vor Odenwald-Panorama\" class=\"wp-image-507\" title=\"Mountainbikerin im Odenwald\" srcset=\"https:\/\/www.bike-guides.de\/wp-content\/uploads\/2022\/10\/seitenblick-wiese-3.jpg 800w, https:\/\/www.bike-guides.de\/wp-content\/uploads\/2022\/10\/seitenblick-wiese-3-300x215.jpg 300w, https:\/\/www.bike-guides.de\/wp-content\/uploads\/2022\/10\/seitenblick-wiese-3-768x551.jpg 768w\" sizes=\"auto, (max-width: 767px) 89vw, (max-width: 1000px) 54vw, (max-width: 1071px) 543px, 580px\" \/><\/figure>\n<\/figure>\n\n\n\n<p>Vielseitig &#8211; bis zu den weltber\u00fchmten Aussichten auf das Heidelberger Schloss und den Philosophenweg lassen sich die Sehensw\u00fcrdigkeiten der Region \u00fcber Mountainbike-Touren fernab des touristischen Rummels erkunden. Die eher sanfte Topographie des Odenwalds erlaubt beim aktiven Mountainbiken immer eine Umfahrung zu jedem Trail &#8211; perfekt f\u00fcr Anf\u00e4nger geeignet, spannend auch f\u00fcr Fortgeschrittene &#8211; und dadurch optimal f\u00fcr Gruppen mit unterschiedlichem Level.<\/p>\n","protected":false},"excerpt":{"rendered":"<p>Das Mountainbike-Revier vorderer Odenwald um Weinheim Die Randlage des Odenwaldes \u00fcber der Rheinebene bietet immer wieder atemberaubende Ausblicke und M\u00f6glichkeiten an buchst\u00e4blich jeder Ecke Geschichte und Geschichten zu erleben. Abwechslung pur Dichte, dunkle W\u00e4lder mit verwitternden Felsen wechseln sich mit sonnendurchfluteten weiten Wiesen ab, die immer wieder traumhafte Ausblicke gew\u00e4hren. Vielseitig &#8211; bis zu den &hellip; <\/p>\n<p class=\"link-more\"><a href=\"https:\/\/www.bike-guides.de\/index.php\/mountainbike-revier-odenwald\/\" class=\"more-link\"><span class=\"screen-reader-text\">\u201eHoch hinaus\u201c <\/span>weiterlesen<\/a><\/p>\n","protected":false},"author":1,"featured_media":1240,"parent":0,"menu_order":0,"comment_status":"closed","ping_status":"closed","template":"","meta":{"jetpack_post_was_ever_published":false,"footnotes":""},"class_list":["post-17","page","type-page","status-publish","has-post-thumbnail","hentry"],"yoast_head":"<!-- This site is optimized with the Yoast SEO plugin v27.5 - https:\/\/yoast.com\/product\/yoast-seo-wordpress\/ -->\n<title>Mountainbike-Revier rund um Weinheim - Odenwald<\/title>\n<meta name=\"description\" content=\"Das Mountainbike-Revier rund um Weinheim an der Randlage zur Rheinebene zeichnet sich durch besondere Vielseitigkeit aus - Kultur und Natur.\" \/>\n<meta name=\"robots\" content=\"index, follow, max-snippet:-1, max-image-preview:large, max-video-preview:-1\" \/>\n<link rel=\"canonical\" href=\"https:\/\/www.bike-guides.de\/index.php\/mountainbike-revier-odenwald\/\" \/>\n<meta property=\"og:locale\" content=\"de_DE\" \/>\n<meta property=\"og:type\" content=\"article\" \/>\n<meta property=\"og:title\" content=\"Mountainbike-Revier rund um Weinheim - Odenwald\" \/>\n<meta property=\"og:description\" content=\"Das Mountainbike-Revier rund um Weinheim an der Randlage zur Rheinebene zeichnet sich durch besondere Vielseitigkeit aus - Kultur und Natur.\" \/>\n<meta property=\"og:url\" content=\"https:\/\/www.bike-guides.de\/index.php\/mountainbike-revier-odenwald\/\" \/>\n<meta property=\"og:site_name\" content=\"Bike-Guides Weinheim\" \/>\n<meta property=\"article:modified_time\" content=\"2023-03-26T22:50:15+00:00\" \/>\n<meta property=\"og:image\" content=\"https:\/\/www.bike-guides.de\/wp-content\/uploads\/2023\/03\/wachenburg.jpg\" \/>\n\t<meta property=\"og:image:width\" content=\"2000\" \/>\n\t<meta property=\"og:image:height\" content=\"1500\" \/>\n\t<meta property=\"og:image:type\" content=\"image\/jpeg\" \/>\n<meta name=\"twitter:card\" content=\"summary_large_image\" \/>\n<meta name=\"twitter:label1\" content=\"Gesch\u00e4tzte Lesezeit\" \/>\n\t<meta name=\"twitter:data1\" content=\"2\u00a0Minuten\" \/>\n<script type=\"application\/ld+json\" class=\"yoast-schema-graph\">{\"@context\":\"https:\\\/\\\/schema.org\",\"@graph\":[{\"@type\":\"WebPage\",\"@id\":\"https:\\\/\\\/www.bike-guides.de\\\/index.php\\\/mountainbike-revier-odenwald\\\/\",\"url\":\"https:\\\/\\\/www.bike-guides.de\\\/index.php\\\/mountainbike-revier-odenwald\\\/\",\"name\":\"Mountainbike-Revier rund um Weinheim - Odenwald\",\"isPartOf\":{\"@id\":\"https:\\\/\\\/www.bike-guides.de\\\/#website\"},\"primaryImageOfPage\":{\"@id\":\"https:\\\/\\\/www.bike-guides.de\\\/index.php\\\/mountainbike-revier-odenwald\\\/#primaryimage\"},\"image\":{\"@id\":\"https:\\\/\\\/www.bike-guides.de\\\/index.php\\\/mountainbike-revier-odenwald\\\/#primaryimage\"},\"thumbnailUrl\":\"https:\\\/\\\/www.bike-guides.de\\\/wp-content\\\/uploads\\\/2023\\\/03\\\/wachenburg.jpg\",\"datePublished\":\"2022-10-01T21:15:22+00:00\",\"dateModified\":\"2023-03-26T22:50:15+00:00\",\"description\":\"Das Mountainbike-Revier rund um Weinheim an der Randlage zur Rheinebene zeichnet sich durch besondere Vielseitigkeit aus - Kultur und Natur.\",\"breadcrumb\":{\"@id\":\"https:\\\/\\\/www.bike-guides.de\\\/index.php\\\/mountainbike-revier-odenwald\\\/#breadcrumb\"},\"inLanguage\":\"de\",\"potentialAction\":[{\"@type\":\"ReadAction\",\"target\":[\"https:\\\/\\\/www.bike-guides.de\\\/index.php\\\/mountainbike-revier-odenwald\\\/\"]}]},{\"@type\":\"ImageObject\",\"inLanguage\":\"de\",\"@id\":\"https:\\\/\\\/www.bike-guides.de\\\/index.php\\\/mountainbike-revier-odenwald\\\/#primaryimage\",\"url\":\"https:\\\/\\\/www.bike-guides.de\\\/wp-content\\\/uploads\\\/2023\\\/03\\\/wachenburg.jpg\",\"contentUrl\":\"https:\\\/\\\/www.bike-guides.de\\\/wp-content\\\/uploads\\\/2023\\\/03\\\/wachenburg.jpg\",\"width\":2000,\"height\":1500},{\"@type\":\"BreadcrumbList\",\"@id\":\"https:\\\/\\\/www.bike-guides.de\\\/index.php\\\/mountainbike-revier-odenwald\\\/#breadcrumb\",\"itemListElement\":[{\"@type\":\"ListItem\",\"position\":1,\"name\":\"Startseite\",\"item\":\"https:\\\/\\\/www.bike-guides.de\\\/\"},{\"@type\":\"ListItem\",\"position\":2,\"name\":\"Hoch hinaus\"}]},{\"@type\":\"WebSite\",\"@id\":\"https:\\\/\\\/www.bike-guides.de\\\/#website\",\"url\":\"https:\\\/\\\/www.bike-guides.de\\\/\",\"name\":\"Bike-Guides Weinheim\",\"description\":\"Gef\u00fchrte Touren und Events mit dem E-Mountainbike im Odenwald\",\"publisher\":{\"@id\":\"https:\\\/\\\/www.bike-guides.de\\\/#organization\"},\"potentialAction\":[{\"@type\":\"SearchAction\",\"target\":{\"@type\":\"EntryPoint\",\"urlTemplate\":\"https:\\\/\\\/www.bike-guides.de\\\/?s={search_term_string}\"},\"query-input\":{\"@type\":\"PropertyValueSpecification\",\"valueRequired\":true,\"valueName\":\"search_term_string\"}}],\"inLanguage\":\"de\"},{\"@type\":\"Organization\",\"@id\":\"https:\\\/\\\/www.bike-guides.de\\\/#organization\",\"name\":\"Bike-Guides Weinheim\",\"url\":\"https:\\\/\\\/www.bike-guides.de\\\/\",\"logo\":{\"@type\":\"ImageObject\",\"inLanguage\":\"de\",\"@id\":\"https:\\\/\\\/www.bike-guides.de\\\/#\\\/schema\\\/logo\\\/image\\\/\",\"url\":\"https:\\\/\\\/www.bike-guides.de\\\/wp-content\\\/uploads\\\/2022\\\/10\\\/cropped-logo-wei-wei.png\",\"contentUrl\":\"https:\\\/\\\/www.bike-guides.de\\\/wp-content\\\/uploads\\\/2022\\\/10\\\/cropped-logo-wei-wei.png\",\"width\":313,\"height\":250,\"caption\":\"Bike-Guides Weinheim\"},\"image\":{\"@id\":\"https:\\\/\\\/www.bike-guides.de\\\/#\\\/schema\\\/logo\\\/image\\\/\"}}]}<\/script>\n<!-- \/ Yoast SEO plugin. -->","yoast_head_json":{"title":"Mountainbike-Revier rund um Weinheim - Odenwald","description":"Das Mountainbike-Revier rund um Weinheim an der Randlage zur Rheinebene zeichnet sich durch besondere Vielseitigkeit aus - Kultur und Natur.","robots":{"index":"index","follow":"follow","max-snippet":"max-snippet:-1","max-image-preview":"max-image-preview:large","max-video-preview":"max-video-preview:-1"},"canonical":"https:\/\/www.bike-guides.de\/index.php\/mountainbike-revier-odenwald\/","og_locale":"de_DE","og_type":"article","og_title":"Mountainbike-Revier rund um Weinheim - Odenwald","og_description":"Das Mountainbike-Revier rund um Weinheim an der Randlage zur Rheinebene zeichnet sich durch besondere Vielseitigkeit aus - Kultur und Natur.","og_url":"https:\/\/www.bike-guides.de\/index.php\/mountainbike-revier-odenwald\/","og_site_name":"Bike-Guides Weinheim","article_modified_time":"2023-03-26T22:50:15+00:00","og_image":[{"width":2000,"height":1500,"url":"https:\/\/www.bike-guides.de\/wp-content\/uploads\/2023\/03\/wachenburg.jpg","type":"image\/jpeg"}],"twitter_card":"summary_large_image","twitter_misc":{"Gesch\u00e4tzte Lesezeit":"2\u00a0Minuten"},"schema":{"@context":"https:\/\/schema.org","@graph":[{"@type":"WebPage","@id":"https:\/\/www.bike-guides.de\/index.php\/mountainbike-revier-odenwald\/","url":"https:\/\/www.bike-guides.de\/index.php\/mountainbike-revier-odenwald\/","name":"Mountainbike-Revier rund um Weinheim - Odenwald","isPartOf":{"@id":"https:\/\/www.bike-guides.de\/#website"},"primaryImageOfPage":{"@id":"https:\/\/www.bike-guides.de\/index.php\/mountainbike-revier-odenwald\/#primaryimage"},"image":{"@id":"https:\/\/www.bike-guides.de\/index.php\/mountainbike-revier-odenwald\/#primaryimage"},"thumbnailUrl":"https:\/\/www.bike-guides.de\/wp-content\/uploads\/2023\/03\/wachenburg.jpg","datePublished":"2022-10-01T21:15:22+00:00","dateModified":"2023-03-26T22:50:15+00:00","description":"Das Mountainbike-Revier rund um Weinheim an der Randlage zur Rheinebene zeichnet sich durch besondere Vielseitigkeit aus - Kultur und Natur.","breadcrumb":{"@id":"https:\/\/www.bike-guides.de\/index.php\/mountainbike-revier-odenwald\/#breadcrumb"},"inLanguage":"de","potentialAction":[{"@type":"ReadAction","target":["https:\/\/www.bike-guides.de\/index.php\/mountainbike-revier-odenwald\/"]}]},{"@type":"ImageObject","inLanguage":"de","@id":"https:\/\/www.bike-guides.de\/index.php\/mountainbike-revier-odenwald\/#primaryimage","url":"https:\/\/www.bike-guides.de\/wp-content\/uploads\/2023\/03\/wachenburg.jpg","contentUrl":"https:\/\/www.bike-guides.de\/wp-content\/uploads\/2023\/03\/wachenburg.jpg","width":2000,"height":1500},{"@type":"BreadcrumbList","@id":"https:\/\/www.bike-guides.de\/index.php\/mountainbike-revier-odenwald\/#breadcrumb","itemListElement":[{"@type":"ListItem","position":1,"name":"Startseite","item":"https:\/\/www.bike-guides.de\/"},{"@type":"ListItem","position":2,"name":"Hoch hinaus"}]},{"@type":"WebSite","@id":"https:\/\/www.bike-guides.de\/#website","url":"https:\/\/www.bike-guides.de\/","name":"Bike-Guides Weinheim","description":"Gef\u00fchrte Touren und Events mit dem E-Mountainbike im Odenwald","publisher":{"@id":"https:\/\/www.bike-guides.de\/#organization"},"potentialAction":[{"@type":"SearchAction","target":{"@type":"EntryPoint","urlTemplate":"https:\/\/www.bike-guides.de\/?s={search_term_string}"},"query-input":{"@type":"PropertyValueSpecification","valueRequired":true,"valueName":"search_term_string"}}],"inLanguage":"de"},{"@type":"Organization","@id":"https:\/\/www.bike-guides.de\/#organization","name":"Bike-Guides Weinheim","url":"https:\/\/www.bike-guides.de\/","logo":{"@type":"ImageObject","inLanguage":"de","@id":"https:\/\/www.bike-guides.de\/#\/schema\/logo\/image\/","url":"https:\/\/www.bike-guides.de\/wp-content\/uploads\/2022\/10\/cropped-logo-wei-wei.png","contentUrl":"https:\/\/www.bike-guides.de\/wp-content\/uploads\/2022\/10\/cropped-logo-wei-wei.png","width":313,"height":250,"caption":"Bike-Guides Weinheim"},"image":{"@id":"https:\/\/www.bike-guides.de\/#\/schema\/logo\/image\/"}}]}},"jetpack_sharing_enabled":true,"_links":{"self":[{"href":"https:\/\/www.bike-guides.de\/index.php\/wp-json\/wp\/v2\/pages\/17","targetHints":{"allow":["GET"]}}],"collection":[{"href":"https:\/\/www.bike-guides.de\/index.php\/wp-json\/wp\/v2\/pages"}],"about":[{"href":"https:\/\/www.bike-guides.de\/index.php\/wp-json\/wp\/v2\/types\/page"}],"author":[{"embeddable":true,"href":"https:\/\/www.bike-guides.de\/index.php\/wp-json\/wp\/v2\/users\/1"}],"replies":[{"embeddable":true,"href":"https:\/\/www.bike-guides.de\/index.php\/wp-json\/wp\/v2\/comments?post=17"}],"version-history":[{"count":33,"href":"https:\/\/www.bike-guides.de\/index.php\/wp-json\/wp\/v2\/pages\/17\/revisions"}],"predecessor-version":[{"id":934,"href":"https:\/\/www.bike-guides.de\/index.php\/wp-json\/wp\/v2\/pages\/17\/revisions\/934"}],"wp:featuredmedia":[{"embeddable":true,"href":"https:\/\/www.bike-guides.de\/index.php\/wp-json\/wp\/v2\/media\/1240"}],"wp:attachment":[{"href":"https:\/\/www.bike-guides.de\/index.php\/wp-json\/wp\/v2\/media?parent=17"}],"curies":[{"name":"wp","href":"https:\/\/api.w.org\/{rel}","templated":true}]}}