{"id":16,"date":"2022-10-01T21:15:22","date_gmt":"2022-10-01T21:15:22","guid":{"rendered":"https:\/\/www.bike-guides.de\/?page_id=16"},"modified":"2025-07-24T06:49:40","modified_gmt":"2025-07-24T04:49:40","slug":"startseite","status":"publish","type":"page","link":"https:\/\/www.bike-guides.de\/","title":{"rendered":"Bist Du bereit&#8230;?"},"content":{"rendered":"\n<h1 class=\"wp-block-heading\">Mit dem E-Mountainbike auf Tour<\/h1>\n\n\n\n<p>Deine Flucht aus den Zw\u00e4ngen des Alltags &#8211; Waldluft schnuppern, Komfortzone verlassen &#8211; Natur und Kultur, in der Gruppe Abenteuer erleben &#8211; dein Team in ungewohntem Umfeld neu kennen lernen?<\/p>\n\n\n\n<p>Einmal das Ziel vergessen und sich auf den Weg freuen?<\/p>\n\n\n\n<p><strong>Wir sind hier. Wir holen dich raus &#8211; mit einer gef\u00fchrten E-Bike Tour finden wir die richtige Dosis Abenteuer f\u00fcr alle.<\/strong><\/p>\n\n\n\n<figure class=\"wp-block-gallery has-nested-images columns-default is-cropped wp-block-gallery-1 is-layout-flex wp-block-gallery-is-layout-flex\">\n<figure class=\"wp-block-image size-large\"><a href=\"https:\/\/www.bike-guides.de\/index.php\/startseite\/gruppesonne\/\" target=\"_blank\" rel=\"noreferrer noopener\"><img loading=\"lazy\" decoding=\"async\" width=\"1024\" height=\"638\" data-id=\"2388\" src=\"https:\/\/www.bike-guides.de\/wp-content\/uploads\/2023\/07\/Gruppesonne-1024x638.jpg\" alt=\"Gruppe Mountainbiker auf Tour im Odenwald\" class=\"wp-image-2388\" srcset=\"https:\/\/www.bike-guides.de\/wp-content\/uploads\/2023\/07\/Gruppesonne-1024x638.jpg 1024w, https:\/\/www.bike-guides.de\/wp-content\/uploads\/2023\/07\/Gruppesonne-300x187.jpg 300w, https:\/\/www.bike-guides.de\/wp-content\/uploads\/2023\/07\/Gruppesonne-768x479.jpg 768w, https:\/\/www.bike-guides.de\/wp-content\/uploads\/2023\/07\/Gruppesonne-1536x958.jpg 1536w, https:\/\/www.bike-guides.de\/wp-content\/uploads\/2023\/07\/Gruppesonne.jpg 2000w\" sizes=\"auto, (max-width: 767px) 89vw, (max-width: 1000px) 54vw, (max-width: 1071px) 543px, 580px\" \/><\/a><\/figure>\n\n\n\n<figure class=\"wp-block-image size-large\"><a href=\"https:\/\/www.bike-guides.de\/index.php\/2023\/03\/13\/after-work-radeln-in-netter-gesellschaft\/abfahrt\/\" target=\"_blank\" rel=\"noreferrer noopener\"><img loading=\"lazy\" decoding=\"async\" width=\"1024\" height=\"633\" data-id=\"2403\" src=\"https:\/\/www.bike-guides.de\/wp-content\/uploads\/2023\/07\/abfahrt-1024x633.jpg\" alt=\"Mountainbiker fahren einen leichten Trail ab\" class=\"wp-image-2403\" srcset=\"https:\/\/www.bike-guides.de\/wp-content\/uploads\/2023\/07\/abfahrt-1024x633.jpg 1024w, https:\/\/www.bike-guides.de\/wp-content\/uploads\/2023\/07\/abfahrt-300x185.jpg 300w, https:\/\/www.bike-guides.de\/wp-content\/uploads\/2023\/07\/abfahrt-768x475.jpg 768w, https:\/\/www.bike-guides.de\/wp-content\/uploads\/2023\/07\/abfahrt.jpg 1400w\" sizes=\"auto, (max-width: 767px) 89vw, (max-width: 1000px) 54vw, (max-width: 1071px) 543px, 580px\" \/><\/a><\/figure>\n\n\n\n<figure class=\"wp-block-image size-large\"><a href=\"https:\/\/www.bike-guides.de\/index.php\/2023\/03\/13\/after-work-radeln-in-netter-gesellschaft\/vierbiker\/\" target=\"_blank\" rel=\"noreferrer noopener\"><img loading=\"lazy\" decoding=\"async\" width=\"1024\" height=\"616\" data-id=\"2391\" src=\"https:\/\/www.bike-guides.de\/wp-content\/uploads\/2023\/03\/vierbiker-1024x616.jpg\" alt=\"Gruppenaufnahme Mountainbiker bei After-Work-Treff\" class=\"wp-image-2391\" srcset=\"https:\/\/www.bike-guides.de\/wp-content\/uploads\/2023\/03\/vierbiker-1024x616.jpg 1024w, https:\/\/www.bike-guides.de\/wp-content\/uploads\/2023\/03\/vierbiker-300x180.jpg 300w, https:\/\/www.bike-guides.de\/wp-content\/uploads\/2023\/03\/vierbiker-768x462.jpg 768w, https:\/\/www.bike-guides.de\/wp-content\/uploads\/2023\/03\/vierbiker.jpg 1400w\" sizes=\"auto, (max-width: 767px) 89vw, (max-width: 1000px) 54vw, (max-width: 1071px) 543px, 580px\" \/><\/a><\/figure>\n<\/figure>\n\n\n\n<p class=\"has-text-align-center has-background\" style=\"background-color:#f78da84d;font-size:18px\"><strong>After-Work-Biketreff mit neuem Elan gestartet!<br><\/strong><br>Wenn Du Lust hast, mitzumachen (kostenlos und ohne weitere Verpflichtungen), nimm gerne Kontakt zu uns auf, eine nette Gemeinschaft gleichgesinnter erwartet dich. Wir verabreden uns spontan \u00fcber unsere WhatsApp-Gruppe zu gemeinsamen Aktionen und Ausfahrten.<strong><br><\/strong><br><strong>Der n\u00e4chste After-Work-Treff findet am<br>06.08.2025 statt.<br><\/strong><br>Alle weiteren Infos <a href=\"https:\/\/www.bike-guides.de\/index.php\/2023\/03\/13\/after-work-radeln-in-netter-gesellschaft\/\">>HIER&lt;<\/a><\/p>\n\n\n\n<figure class=\"wp-block-image size-large\"><a href=\"https:\/\/www.bike-guides.de\/index.php\/tag\/alpenueberquerung\/\"><img loading=\"lazy\" decoding=\"async\" width=\"1024\" height=\"768\" src=\"https:\/\/www.bike-guides.de\/wp-content\/uploads\/2023\/07\/Baum-Ufer-Riva-1024x768.jpg\" alt=\"Ufer des Gardasees in Riva del Garda mit Steilk\u00fcste\" class=\"wp-image-2129\" title=\"\" srcset=\"https:\/\/www.bike-guides.de\/wp-content\/uploads\/2023\/07\/Baum-Ufer-Riva-1024x768.jpg 1024w, https:\/\/www.bike-guides.de\/wp-content\/uploads\/2023\/07\/Baum-Ufer-Riva-300x225.jpg 300w, https:\/\/www.bike-guides.de\/wp-content\/uploads\/2023\/07\/Baum-Ufer-Riva-768x576.jpg 768w, https:\/\/www.bike-guides.de\/wp-content\/uploads\/2023\/07\/Baum-Ufer-Riva.jpg 1400w\" sizes=\"auto, (max-width: 767px) 89vw, (max-width: 1000px) 54vw, (max-width: 1071px) 543px, 580px\" \/><\/a><\/figure>\n\n\n\n<p class=\"has-background\" style=\"background-color:#abb7c287\"><strong>Das gro\u00dfe Special:<\/strong><br><br>Ausf\u00fchrlicher Bericht \u00fcber unsere <a href=\"https:\/\/www.bike-guides.de\/index.php\/tag\/alpenueberquerung\/\">Alpen\u00fcberquerung von F\u00fcssen an den Gardasee<\/a>, Teilweise entlang des Fernradwegs Via-Claudia-Augusta.<br><br><a href=\"https:\/\/www.bike-guides.de\/index.php\/2023\/07\/20\/alpenueberquerung-von-fuessen-bis-zum-gardasee\/\">&gt;&gt;Hier geht es los&#8230;<\/a><\/p>\n\n\n\n<figure class=\"wp-block-gallery has-nested-images columns-default is-cropped wp-block-gallery-2 is-layout-flex wp-block-gallery-is-layout-flex\">\n<figure class=\"wp-block-image size-large is-style-default\"><a href=\"https:\/\/www.bike-guides.de\/index.php\/2023\/07\/28\/teil-9-rueckreise-und-fazit\/titel-3\/\" target=\"_blank\" rel=\"noreferrer noopener\"><img loading=\"lazy\" decoding=\"async\" width=\"1024\" height=\"593\" data-id=\"2230\" src=\"https:\/\/www.bike-guides.de\/wp-content\/uploads\/2023\/07\/Titel-2-1024x593.jpg\" alt=\"\" class=\"wp-image-2230\" srcset=\"https:\/\/www.bike-guides.de\/wp-content\/uploads\/2023\/07\/Titel-2-1024x593.jpg 1024w, https:\/\/www.bike-guides.de\/wp-content\/uploads\/2023\/07\/Titel-2-300x174.jpg 300w, https:\/\/www.bike-guides.de\/wp-content\/uploads\/2023\/07\/Titel-2-768x445.jpg 768w, https:\/\/www.bike-guides.de\/wp-content\/uploads\/2023\/07\/Titel-2-1536x889.jpg 1536w, https:\/\/www.bike-guides.de\/wp-content\/uploads\/2023\/07\/Titel-2.jpg 2000w\" sizes=\"auto, (max-width: 767px) 89vw, (max-width: 1000px) 54vw, (max-width: 1071px) 543px, 580px\" \/><\/a><\/figure>\n\n\n\n<figure class=\"wp-block-image size-large\"><a href=\"https:\/\/www.bike-guides.de\/index.php\/2023\/07\/27\/teil-8-vom-gardasee-ueberwaeltigt\/luftsprung-torbole\/\" target=\"_blank\" rel=\"noreferrer noopener\"><img loading=\"lazy\" decoding=\"async\" width=\"1024\" height=\"576\" data-id=\"2153\" src=\"https:\/\/www.bike-guides.de\/wp-content\/uploads\/2023\/07\/Luftsprung-Torbole-1024x576.jpg\" alt=\"\" class=\"wp-image-2153\" srcset=\"https:\/\/www.bike-guides.de\/wp-content\/uploads\/2023\/07\/Luftsprung-Torbole-1024x576.jpg 1024w, https:\/\/www.bike-guides.de\/wp-content\/uploads\/2023\/07\/Luftsprung-Torbole-300x169.jpg 300w, https:\/\/www.bike-guides.de\/wp-content\/uploads\/2023\/07\/Luftsprung-Torbole-768x432.jpg 768w, https:\/\/www.bike-guides.de\/wp-content\/uploads\/2023\/07\/Luftsprung-Torbole-1536x864.jpg 1536w, https:\/\/www.bike-guides.de\/wp-content\/uploads\/2023\/07\/Luftsprung-Torbole.jpg 2000w\" sizes=\"auto, (max-width: 767px) 89vw, (max-width: 1000px) 54vw, (max-width: 1071px) 543px, 580px\" \/><\/a><\/figure>\n\n\n\n<figure class=\"wp-block-image size-large\"><a href=\"https:\/\/www.bike-guides.de\/index.php\/2023\/07\/27\/teil-8-vom-gardasee-ueberwaeltigt\/rad-auf-bruecke-gardasee-torbole\/\" target=\"_blank\" rel=\"noreferrer noopener\"><img loading=\"lazy\" decoding=\"async\" width=\"1024\" height=\"1024\" data-id=\"2121\" src=\"https:\/\/www.bike-guides.de\/wp-content\/uploads\/2023\/07\/Rad-auf-bruecke-gardasee-torbole-1024x1024.jpg\" alt=\"\" class=\"wp-image-2121\" srcset=\"https:\/\/www.bike-guides.de\/wp-content\/uploads\/2023\/07\/Rad-auf-bruecke-gardasee-torbole-1024x1024.jpg 1024w, https:\/\/www.bike-guides.de\/wp-content\/uploads\/2023\/07\/Rad-auf-bruecke-gardasee-torbole-300x300.jpg 300w, https:\/\/www.bike-guides.de\/wp-content\/uploads\/2023\/07\/Rad-auf-bruecke-gardasee-torbole-150x150.jpg 150w, https:\/\/www.bike-guides.de\/wp-content\/uploads\/2023\/07\/Rad-auf-bruecke-gardasee-torbole-768x768.jpg 768w, https:\/\/www.bike-guides.de\/wp-content\/uploads\/2023\/07\/Rad-auf-bruecke-gardasee-torbole-100x100.jpg 100w, https:\/\/www.bike-guides.de\/wp-content\/uploads\/2023\/07\/Rad-auf-bruecke-gardasee-torbole.jpg 1400w\" sizes=\"auto, (max-width: 767px) 89vw, (max-width: 1000px) 54vw, (max-width: 1071px) 543px, 580px\" \/><\/a><\/figure>\n\n\n\n<figure class=\"wp-block-image size-large\"><a href=\"https:\/\/www.bike-guides.de\/index.php\/2023\/07\/26\/teil-7-durch-das-tor-des-suedens-kurz-vor-dem-sprung-zum-finale\/titel\/\" target=\"_blank\" rel=\"noreferrer noopener\"><img loading=\"lazy\" decoding=\"async\" width=\"1024\" height=\"581\" data-id=\"1921\" src=\"https:\/\/www.bike-guides.de\/wp-content\/uploads\/2023\/07\/Titel-1024x581.jpg\" alt=\"\" class=\"wp-image-1921\" srcset=\"https:\/\/www.bike-guides.de\/wp-content\/uploads\/2023\/07\/Titel-1024x581.jpg 1024w, https:\/\/www.bike-guides.de\/wp-content\/uploads\/2023\/07\/Titel-300x170.jpg 300w, https:\/\/www.bike-guides.de\/wp-content\/uploads\/2023\/07\/Titel-768x436.jpg 768w, https:\/\/www.bike-guides.de\/wp-content\/uploads\/2023\/07\/Titel-1536x872.jpg 1536w, https:\/\/www.bike-guides.de\/wp-content\/uploads\/2023\/07\/Titel.jpg 2000w\" sizes=\"auto, (max-width: 767px) 89vw, (max-width: 1000px) 54vw, (max-width: 1071px) 543px, 580px\" \/><\/a><\/figure>\n\n\n\n<figure class=\"wp-block-image size-large\"><a href=\"https:\/\/www.bike-guides.de\/index.php\/2023\/07\/23\/teil-4-ueber-wilde-grenzen-und-schwarze-loecher-auf-das-dach-der-tour\/altfinstermuenz-2t4\/\" target=\"_blank\" rel=\"noreferrer noopener\"><img loading=\"lazy\" decoding=\"async\" width=\"1024\" height=\"768\" data-id=\"1596\" src=\"https:\/\/www.bike-guides.de\/wp-content\/uploads\/2023\/07\/Altfinstermuenz-2T4-1024x768.jpg\" alt=\"\" class=\"wp-image-1596\" srcset=\"https:\/\/www.bike-guides.de\/wp-content\/uploads\/2023\/07\/Altfinstermuenz-2T4-1024x768.jpg 1024w, https:\/\/www.bike-guides.de\/wp-content\/uploads\/2023\/07\/Altfinstermuenz-2T4-300x225.jpg 300w, https:\/\/www.bike-guides.de\/wp-content\/uploads\/2023\/07\/Altfinstermuenz-2T4-768x576.jpg 768w, https:\/\/www.bike-guides.de\/wp-content\/uploads\/2023\/07\/Altfinstermuenz-2T4.jpg 1200w\" sizes=\"auto, (max-width: 767px) 89vw, (max-width: 1000px) 54vw, (max-width: 1071px) 543px, 580px\" \/><\/a><\/figure>\n<\/figure>\n\n\n\n<h3 class=\"wp-block-heading\"><strong>Die aktuellsten Blog-Beitr\u00e4ge:<\/strong><\/h3>\n\n\n<ul style=\"line-height:1.7;\" class=\"wp-block-latest-posts__list wp-block-latest-posts\"><li><a class=\"wp-block-latest-posts__post-title\" href=\"https:\/\/www.bike-guides.de\/index.php\/2023\/07\/28\/teil-9-rueckreise-und-fazit\/\">Teil 9: R\u00fcckreise und Fazit<\/a><\/li>\n<li><a class=\"wp-block-latest-posts__post-title\" href=\"https:\/\/www.bike-guides.de\/index.php\/2023\/07\/27\/teil-8-vom-gardasee-ueberwaeltigt\/\">Teil 8: Vom Gardasee \u00fcberw\u00e4ltigt<\/a><\/li>\n<li><a class=\"wp-block-latest-posts__post-title\" href=\"https:\/\/www.bike-guides.de\/index.php\/2023\/07\/26\/teil-7-durch-das-tor-des-suedens-kurz-vor-dem-sprung-zum-finale\/\">Teil 7: Durch das Tor des S\u00fcdens kurz vor dem Sprung zum Finale<\/a><\/li>\n<li><a class=\"wp-block-latest-posts__post-title\" href=\"https:\/\/www.bike-guides.de\/index.php\/2023\/07\/25\/teil-6-un-ruhetag-nicht-nur-am-kalterer-see\/\">Teil 6: (Un-) Ruhetag nicht nur am Kalterer See<\/a><\/li>\n<li><a class=\"wp-block-latest-posts__post-title\" href=\"https:\/\/www.bike-guides.de\/index.php\/2023\/07\/24\/teil-5-von-laas-ueber-meran-an-den-kalterer-see-spaetstart-in-die-laengste-etappe\/\">Teil 5: Von Laas \u00fcber Meran an den Kalterer See &#8211; Sp\u00e4tstart in die l\u00e4ngste Etappe<\/a><\/li>\n<\/ul>\n\n\n<figure class=\"wp-block-image size-full\"><img loading=\"lazy\" decoding=\"async\" width=\"200\" height=\"257\" src=\"https:\/\/www.bike-guides.de\/wp-content\/uploads\/2022\/10\/Motto-Logo-e1665597120190.png\" alt=\"\" class=\"wp-image-189\"\/><\/figure>\n","protected":false},"excerpt":{"rendered":"<p>Mit dem E-Mountainbike auf Tour Deine Flucht aus den Zw\u00e4ngen des Alltags &#8211; Waldluft schnuppern, Komfortzone verlassen &#8211; Natur und Kultur, in der Gruppe Abenteuer erleben &#8211; dein Team in ungewohntem Umfeld neu kennen lernen? Einmal das Ziel vergessen und sich auf den Weg freuen? Wir sind hier. Wir holen dich raus &#8211; mit einer &hellip; <\/p>\n<p class=\"link-more\"><a href=\"https:\/\/www.bike-guides.de\/\" class=\"more-link\"><span class=\"screen-reader-text\">\u201eBist Du bereit&#8230;?\u201c <\/span>weiterlesen<\/a><\/p>\n","protected":false},"author":1,"featured_media":0,"parent":0,"menu_order":0,"comment_status":"closed","ping_status":"closed","template":"","meta":{"jetpack_post_was_ever_published":false,"footnotes":""},"class_list":["post-16","page","type-page","status-publish","hentry"],"yoast_head":"<!-- This site is optimized with the Yoast SEO plugin v27.5 - https:\/\/yoast.com\/product\/yoast-seo-wordpress\/ -->\n<title>Gef\u00fchrte Touren mit dem E-Bike \/ Mountainbike im Odenwald - Bike-Guides Weinheim<\/title>\n<meta name=\"description\" content=\"Weinheimer Anbieter von gef\u00fchrten E-Bike \/ Mountainbike Touren f\u00fcr Gruppen und Einzelpersonen, Team-Events f\u00fcr Firmen und mehrt\u00e4gigen Touren \/ Radreisen im Odenwald\" \/>\n<meta name=\"robots\" content=\"index, follow, max-snippet:-1, max-image-preview:large, max-video-preview:-1\" \/>\n<link rel=\"canonical\" href=\"https:\/\/www.bike-guides.de\/\" \/>\n<meta property=\"og:locale\" content=\"de_DE\" \/>\n<meta property=\"og:type\" content=\"article\" \/>\n<meta property=\"og:title\" content=\"Gef\u00fchrte Touren mit dem E-Bike \/ Mountainbike im Odenwald - Bike-Guides Weinheim\" \/>\n<meta property=\"og:description\" content=\"Weinheimer Anbieter von gef\u00fchrten E-Bike \/ Mountainbike Touren f\u00fcr Gruppen und Einzelpersonen, Team-Events f\u00fcr Firmen und mehrt\u00e4gigen Touren \/ Radreisen im Odenwald\" \/>\n<meta property=\"og:url\" content=\"https:\/\/www.bike-guides.de\/\" \/>\n<meta property=\"og:site_name\" content=\"Bike-Guides Weinheim\" \/>\n<meta property=\"article:modified_time\" content=\"2025-07-24T04:49:40+00:00\" \/>\n<meta property=\"og:image\" content=\"https:\/\/www.bike-guides.de\/wp-content\/uploads\/2023\/07\/Gruppesonne.jpg\" \/>\n\t<meta property=\"og:image:width\" content=\"2000\" \/>\n\t<meta property=\"og:image:height\" content=\"1247\" \/>\n\t<meta property=\"og:image:type\" content=\"image\/jpeg\" \/>\n<meta name=\"twitter:card\" content=\"summary_large_image\" \/>\n<meta name=\"twitter:label1\" content=\"Gesch\u00e4tzte Lesezeit\" \/>\n\t<meta name=\"twitter:data1\" content=\"3\u00a0Minuten\" \/>\n<script type=\"application\/ld+json\" class=\"yoast-schema-graph\">{\"@context\":\"https:\\\/\\\/schema.org\",\"@graph\":[{\"@type\":\"WebPage\",\"@id\":\"https:\\\/\\\/www.bike-guides.de\\\/\",\"url\":\"https:\\\/\\\/www.bike-guides.de\\\/\",\"name\":\"Gef\u00fchrte Touren mit dem E-Bike \\\/ Mountainbike im Odenwald - Bike-Guides Weinheim\",\"isPartOf\":{\"@id\":\"https:\\\/\\\/www.bike-guides.de\\\/#website\"},\"primaryImageOfPage\":{\"@id\":\"https:\\\/\\\/www.bike-guides.de\\\/#primaryimage\"},\"image\":{\"@id\":\"https:\\\/\\\/www.bike-guides.de\\\/#primaryimage\"},\"thumbnailUrl\":\"https:\\\/\\\/www.bike-guides.de\\\/wp-content\\\/uploads\\\/2023\\\/07\\\/Gruppesonne-1024x638.jpg\",\"datePublished\":\"2022-10-01T21:15:22+00:00\",\"dateModified\":\"2025-07-24T04:49:40+00:00\",\"description\":\"Weinheimer Anbieter von gef\u00fchrten E-Bike \\\/ Mountainbike Touren f\u00fcr Gruppen und Einzelpersonen, Team-Events f\u00fcr Firmen und mehrt\u00e4gigen Touren \\\/ Radreisen im Odenwald\",\"breadcrumb\":{\"@id\":\"https:\\\/\\\/www.bike-guides.de\\\/#breadcrumb\"},\"inLanguage\":\"de\",\"potentialAction\":[{\"@type\":\"ReadAction\",\"target\":[\"https:\\\/\\\/www.bike-guides.de\\\/\"]}]},{\"@type\":\"ImageObject\",\"inLanguage\":\"de\",\"@id\":\"https:\\\/\\\/www.bike-guides.de\\\/#primaryimage\",\"url\":\"https:\\\/\\\/www.bike-guides.de\\\/wp-content\\\/uploads\\\/2023\\\/07\\\/Gruppesonne.jpg\",\"contentUrl\":\"https:\\\/\\\/www.bike-guides.de\\\/wp-content\\\/uploads\\\/2023\\\/07\\\/Gruppesonne.jpg\",\"width\":2000,\"height\":1247,\"caption\":\"Mountainbiker auf gef\u00fchrter Tour im Odenwald mit E-Bikes\"},{\"@type\":\"BreadcrumbList\",\"@id\":\"https:\\\/\\\/www.bike-guides.de\\\/#breadcrumb\",\"itemListElement\":[{\"@type\":\"ListItem\",\"position\":1,\"name\":\"Startseite\",\"item\":\"https:\\\/\\\/www.bike-guides.de\\\/\"},{\"@type\":\"ListItem\",\"position\":2,\"name\":\"Bist Du bereit&#8230;?\"}]},{\"@type\":\"WebSite\",\"@id\":\"https:\\\/\\\/www.bike-guides.de\\\/#website\",\"url\":\"https:\\\/\\\/www.bike-guides.de\\\/\",\"name\":\"Bike-Guides Weinheim\",\"description\":\"Gef\u00fchrte Touren und Events mit dem E-Mountainbike im Odenwald\",\"publisher\":{\"@id\":\"https:\\\/\\\/www.bike-guides.de\\\/#organization\"},\"potentialAction\":[{\"@type\":\"SearchAction\",\"target\":{\"@type\":\"EntryPoint\",\"urlTemplate\":\"https:\\\/\\\/www.bike-guides.de\\\/?s={search_term_string}\"},\"query-input\":{\"@type\":\"PropertyValueSpecification\",\"valueRequired\":true,\"valueName\":\"search_term_string\"}}],\"inLanguage\":\"de\"},{\"@type\":\"Organization\",\"@id\":\"https:\\\/\\\/www.bike-guides.de\\\/#organization\",\"name\":\"Bike-Guides Weinheim\",\"url\":\"https:\\\/\\\/www.bike-guides.de\\\/\",\"logo\":{\"@type\":\"ImageObject\",\"inLanguage\":\"de\",\"@id\":\"https:\\\/\\\/www.bike-guides.de\\\/#\\\/schema\\\/logo\\\/image\\\/\",\"url\":\"https:\\\/\\\/www.bike-guides.de\\\/wp-content\\\/uploads\\\/2022\\\/10\\\/cropped-logo-wei-wei.png\",\"contentUrl\":\"https:\\\/\\\/www.bike-guides.de\\\/wp-content\\\/uploads\\\/2022\\\/10\\\/cropped-logo-wei-wei.png\",\"width\":313,\"height\":250,\"caption\":\"Bike-Guides Weinheim\"},\"image\":{\"@id\":\"https:\\\/\\\/www.bike-guides.de\\\/#\\\/schema\\\/logo\\\/image\\\/\"}}]}<\/script>\n<!-- \/ Yoast SEO plugin. -->","yoast_head_json":{"title":"Gef\u00fchrte Touren mit dem E-Bike \/ Mountainbike im Odenwald - Bike-Guides Weinheim","description":"Weinheimer Anbieter von gef\u00fchrten E-Bike \/ Mountainbike Touren f\u00fcr Gruppen und Einzelpersonen, Team-Events f\u00fcr Firmen und mehrt\u00e4gigen Touren \/ Radreisen im Odenwald","robots":{"index":"index","follow":"follow","max-snippet":"max-snippet:-1","max-image-preview":"max-image-preview:large","max-video-preview":"max-video-preview:-1"},"canonical":"https:\/\/www.bike-guides.de\/","og_locale":"de_DE","og_type":"article","og_title":"Gef\u00fchrte Touren mit dem E-Bike \/ Mountainbike im Odenwald - Bike-Guides Weinheim","og_description":"Weinheimer Anbieter von gef\u00fchrten E-Bike \/ Mountainbike Touren f\u00fcr Gruppen und Einzelpersonen, Team-Events f\u00fcr Firmen und mehrt\u00e4gigen Touren \/ Radreisen im Odenwald","og_url":"https:\/\/www.bike-guides.de\/","og_site_name":"Bike-Guides Weinheim","article_modified_time":"2025-07-24T04:49:40+00:00","og_image":[{"width":2000,"height":1247,"url":"https:\/\/www.bike-guides.de\/wp-content\/uploads\/2023\/07\/Gruppesonne.jpg","type":"image\/jpeg"}],"twitter_card":"summary_large_image","twitter_misc":{"Gesch\u00e4tzte Lesezeit":"3\u00a0Minuten"},"schema":{"@context":"https:\/\/schema.org","@graph":[{"@type":"WebPage","@id":"https:\/\/www.bike-guides.de\/","url":"https:\/\/www.bike-guides.de\/","name":"Gef\u00fchrte Touren mit dem E-Bike \/ Mountainbike im Odenwald - Bike-Guides Weinheim","isPartOf":{"@id":"https:\/\/www.bike-guides.de\/#website"},"primaryImageOfPage":{"@id":"https:\/\/www.bike-guides.de\/#primaryimage"},"image":{"@id":"https:\/\/www.bike-guides.de\/#primaryimage"},"thumbnailUrl":"https:\/\/www.bike-guides.de\/wp-content\/uploads\/2023\/07\/Gruppesonne-1024x638.jpg","datePublished":"2022-10-01T21:15:22+00:00","dateModified":"2025-07-24T04:49:40+00:00","description":"Weinheimer Anbieter von gef\u00fchrten E-Bike \/ Mountainbike Touren f\u00fcr Gruppen und Einzelpersonen, Team-Events f\u00fcr Firmen und mehrt\u00e4gigen Touren \/ Radreisen im Odenwald","breadcrumb":{"@id":"https:\/\/www.bike-guides.de\/#breadcrumb"},"inLanguage":"de","potentialAction":[{"@type":"ReadAction","target":["https:\/\/www.bike-guides.de\/"]}]},{"@type":"ImageObject","inLanguage":"de","@id":"https:\/\/www.bike-guides.de\/#primaryimage","url":"https:\/\/www.bike-guides.de\/wp-content\/uploads\/2023\/07\/Gruppesonne.jpg","contentUrl":"https:\/\/www.bike-guides.de\/wp-content\/uploads\/2023\/07\/Gruppesonne.jpg","width":2000,"height":1247,"caption":"Mountainbiker auf gef\u00fchrter Tour im Odenwald mit E-Bikes"},{"@type":"BreadcrumbList","@id":"https:\/\/www.bike-guides.de\/#breadcrumb","itemListElement":[{"@type":"ListItem","position":1,"name":"Startseite","item":"https:\/\/www.bike-guides.de\/"},{"@type":"ListItem","position":2,"name":"Bist Du bereit&#8230;?"}]},{"@type":"WebSite","@id":"https:\/\/www.bike-guides.de\/#website","url":"https:\/\/www.bike-guides.de\/","name":"Bike-Guides Weinheim","description":"Gef\u00fchrte Touren und Events mit dem E-Mountainbike im Odenwald","publisher":{"@id":"https:\/\/www.bike-guides.de\/#organization"},"potentialAction":[{"@type":"SearchAction","target":{"@type":"EntryPoint","urlTemplate":"https:\/\/www.bike-guides.de\/?s={search_term_string}"},"query-input":{"@type":"PropertyValueSpecification","valueRequired":true,"valueName":"search_term_string"}}],"inLanguage":"de"},{"@type":"Organization","@id":"https:\/\/www.bike-guides.de\/#organization","name":"Bike-Guides Weinheim","url":"https:\/\/www.bike-guides.de\/","logo":{"@type":"ImageObject","inLanguage":"de","@id":"https:\/\/www.bike-guides.de\/#\/schema\/logo\/image\/","url":"https:\/\/www.bike-guides.de\/wp-content\/uploads\/2022\/10\/cropped-logo-wei-wei.png","contentUrl":"https:\/\/www.bike-guides.de\/wp-content\/uploads\/2022\/10\/cropped-logo-wei-wei.png","width":313,"height":250,"caption":"Bike-Guides Weinheim"},"image":{"@id":"https:\/\/www.bike-guides.de\/#\/schema\/logo\/image\/"}}]}},"jetpack_sharing_enabled":true,"_links":{"self":[{"href":"https:\/\/www.bike-guides.de\/index.php\/wp-json\/wp\/v2\/pages\/16","targetHints":{"allow":["GET"]}}],"collection":[{"href":"https:\/\/www.bike-guides.de\/index.php\/wp-json\/wp\/v2\/pages"}],"about":[{"href":"https:\/\/www.bike-guides.de\/index.php\/wp-json\/wp\/v2\/types\/page"}],"author":[{"embeddable":true,"href":"https:\/\/www.bike-guides.de\/index.php\/wp-json\/wp\/v2\/users\/1"}],"replies":[{"embeddable":true,"href":"https:\/\/www.bike-guides.de\/index.php\/wp-json\/wp\/v2\/comments?post=16"}],"version-history":[{"count":89,"href":"https:\/\/www.bike-guides.de\/index.php\/wp-json\/wp\/v2\/pages\/16\/revisions"}],"predecessor-version":[{"id":2757,"href":"https:\/\/www.bike-guides.de\/index.php\/wp-json\/wp\/v2\/pages\/16\/revisions\/2757"}],"wp:attachment":[{"href":"https:\/\/www.bike-guides.de\/index.php\/wp-json\/wp\/v2\/media?parent=16"}],"curies":[{"name":"wp","href":"https:\/\/api.w.org\/{rel}","templated":true}]}}