{"id":1373,"date":"2023-04-11T09:03:14","date_gmt":"2023-04-11T07:03:14","guid":{"rendered":"https:\/\/www.bike-guides.de\/?page_id=1373"},"modified":"2023-04-13T14:30:12","modified_gmt":"2023-04-13T12:30:12","slug":"wie-ihr-uns-wahrnehmt","status":"publish","type":"page","link":"https:\/\/www.bike-guides.de\/index.php\/wie-ihr-uns-wahrnehmt\/","title":{"rendered":"Wie Ihr uns wahrnehmt&#8230;"},"content":{"rendered":"\n<p>Wir sammeln hier mal einige Stimmen von euch &#8211; f\u00fcr euch.<\/p>\n\n\n\n<hr class=\"wp-block-separator has-alpha-channel-opacity\"\/>\n\n\n\n<p>Kimberly wollte einfach mal ausprobieren, ob E-Bike im Allgemeinen und E-Mountainbike im Besonderen \u00fcberhaupt etwas f\u00fcr sie ist. Sie ist absolute Anf\u00e4ngerin. Wir haben gemeinsam mit einem von uns zur Verf\u00fcgung gestellten Fully, das wir f\u00fcr sie eingestellt haben eine Schnuppertour von ca. 2h auf ganz einfachen Wegen mit teilweise leichtem Trailcharakter unternommen. Sie gab uns folgendes Feedback :<\/p>\n\n\n\n<blockquote class=\"wp-block-quote is-layout-flow wp-block-quote-is-layout-flow\">\n<p>&#8222;Wow! Besser kann m<em>an es <\/em>nicht treffen. Zum ersten Mal auf einem E-(Mountain)Bike und das mit Andreas. Schon vorm Aufsteigen gibt es keinen Zweifel: Hier bin ich in den besten H\u00e4nden. Er erkl\u00e4rt super und genauso viel wie man wissen muss, um sicher loszufahren. Die ganze Zeit hat er genau im Blick, was ich kann \u2013 und vielleicht noch wichtiger: was ich mir zutraue. Und dann die Strecke, die er ausgesucht hat: topp. Wunderbar abwechslungsreich im vorderen Odenwald und mit der einen oder anderen Lokalgeschichte. Jetzt wei\u00df ich endlich, warum der Kalte Herrgott Kalter Herrgott hei\u00dft.<\/p>\n\n\n\n<p>Ganz herzlichen Dank Andreas f\u00fcr diesen tollen Einstieg ins E-Mountain Bike fahren. Freue mich schon auf die n\u00e4chste Tour mit Dir und mit Bike-Guides!<\/p>\n\n\n\n<p>Kimberly&#8220;<\/p>\n\n\n\n<hr class=\"wp-block-separator has-alpha-channel-opacity\"\/>\n<\/blockquote>\n\n\n\n<figure class=\"wp-block-image size-large\"><img loading=\"lazy\" decoding=\"async\" width=\"767\" height=\"1024\" src=\"https:\/\/www.bike-guides.de\/wp-content\/uploads\/2023\/04\/20230405_144841147_iOS-1-767x1024.jpg\" alt=\"\" class=\"wp-image-1397\" srcset=\"https:\/\/www.bike-guides.de\/wp-content\/uploads\/2023\/04\/20230405_144841147_iOS-1-767x1024.jpg 767w, https:\/\/www.bike-guides.de\/wp-content\/uploads\/2023\/04\/20230405_144841147_iOS-1-225x300.jpg 225w, https:\/\/www.bike-guides.de\/wp-content\/uploads\/2023\/04\/20230405_144841147_iOS-1-768x1025.jpg 768w, https:\/\/www.bike-guides.de\/wp-content\/uploads\/2023\/04\/20230405_144841147_iOS-1.jpg 999w\" sizes=\"auto, (max-width: 767px) 89vw, (max-width: 1000px) 54vw, (max-width: 1071px) 543px, 580px\" \/><\/figure>\n\n\n\n<p>Daniela hat uns einen netten Kommentar auf unserem<a href=\"https:\/\/www.bike-guides.de\/index.php\/2022\/10\/16\/burgen-tour-mit-mountainbikes-bis-ans-ende-der-welt\/\"> Bericht zu unserem 2-Tages-Camp<\/a> hinterlassen:<\/p>\n\n\n\n<blockquote class=\"wp-block-quote is-layout-flow wp-block-quote-is-layout-flow\">\n<p>&#8222;Wir haben schon mehrere tolle Touren mit euch fahren d\u00fcrfen und sind begeistert! Ihr geht auf die Anf\u00e4nger auf E-Bikes sowie auch auf die schon fortgeschrittenen Fahrer ein.<br>Gro\u00dfes Lob an die Bike-guides!<br>Viele Gr\u00fc\u00dfe Daniela&#8220;<\/p>\n<\/blockquote>\n\n\n\n<figure class=\"wp-block-image size-full\"><img loading=\"lazy\" decoding=\"async\" width=\"200\" height=\"257\" src=\"https:\/\/www.bike-guides.de\/wp-content\/uploads\/2022\/10\/Motto-Logo-e1665597120190.png\" alt=\"\" class=\"wp-image-189\"\/><\/figure>\n","protected":false},"excerpt":{"rendered":"<p>Wir sammeln hier mal einige Stimmen von euch &#8211; f\u00fcr euch. Kimberly wollte einfach mal ausprobieren, ob E-Bike im Allgemeinen und E-Mountainbike im Besonderen \u00fcberhaupt etwas f\u00fcr sie ist. Sie ist absolute Anf\u00e4ngerin. Wir haben gemeinsam mit einem von uns zur Verf\u00fcgung gestellten Fully, das wir f\u00fcr sie eingestellt haben eine Schnuppertour von ca. 2h &hellip; <\/p>\n<p class=\"link-more\"><a href=\"https:\/\/www.bike-guides.de\/index.php\/wie-ihr-uns-wahrnehmt\/\" class=\"more-link\"><span class=\"screen-reader-text\">\u201eWie Ihr uns wahrnehmt&#8230;\u201c <\/span>weiterlesen<\/a><\/p>\n","protected":false},"author":1,"featured_media":1374,"parent":0,"menu_order":0,"comment_status":"closed","ping_status":"closed","template":"","meta":{"jetpack_post_was_ever_published":false,"footnotes":""},"class_list":["post-1373","page","type-page","status-publish","has-post-thumbnail","hentry"],"yoast_head":"<!-- This site is optimized with the Yoast SEO plugin v27.5 - https:\/\/yoast.com\/product\/yoast-seo-wordpress\/ -->\n<title>Wie Ihr uns wahrnehmt... - Bike-Guides Weinheim<\/title>\n<meta name=\"robots\" content=\"index, follow, max-snippet:-1, max-image-preview:large, max-video-preview:-1\" \/>\n<link rel=\"canonical\" href=\"https:\/\/www.bike-guides.de\/index.php\/wie-ihr-uns-wahrnehmt\/\" \/>\n<meta property=\"og:locale\" content=\"de_DE\" \/>\n<meta property=\"og:type\" content=\"article\" \/>\n<meta property=\"og:title\" content=\"Wie Ihr uns wahrnehmt... - Bike-Guides Weinheim\" \/>\n<meta property=\"og:description\" content=\"Wir sammeln hier mal einige Stimmen von euch &#8211; f\u00fcr euch. Kimberly wollte einfach mal ausprobieren, ob E-Bike im Allgemeinen und E-Mountainbike im Besonderen \u00fcberhaupt etwas f\u00fcr sie ist. Sie ist absolute Anf\u00e4ngerin. Wir haben gemeinsam mit einem von uns zur Verf\u00fcgung gestellten Fully, das wir f\u00fcr sie eingestellt haben eine Schnuppertour von ca. 2h &hellip; \u201eWie Ihr uns wahrnehmt&#8230;\u201c weiterlesen\" \/>\n<meta property=\"og:url\" content=\"https:\/\/www.bike-guides.de\/index.php\/wie-ihr-uns-wahrnehmt\/\" \/>\n<meta property=\"og:site_name\" content=\"Bike-Guides Weinheim\" \/>\n<meta property=\"article:modified_time\" content=\"2023-04-13T12:30:12+00:00\" \/>\n<meta property=\"og:image\" content=\"https:\/\/www.bike-guides.de\/wp-content\/uploads\/2023\/04\/bewertung.jpg\" \/>\n\t<meta property=\"og:image:width\" content=\"1999\" \/>\n\t<meta property=\"og:image:height\" content=\"1332\" \/>\n\t<meta property=\"og:image:type\" content=\"image\/jpeg\" \/>\n<meta name=\"twitter:card\" content=\"summary_large_image\" \/>\n<meta name=\"twitter:label1\" content=\"Gesch\u00e4tzte Lesezeit\" \/>\n\t<meta name=\"twitter:data1\" content=\"2\u00a0Minuten\" \/>\n<script type=\"application\/ld+json\" class=\"yoast-schema-graph\">{\"@context\":\"https:\\\/\\\/schema.org\",\"@graph\":[{\"@type\":\"WebPage\",\"@id\":\"https:\\\/\\\/www.bike-guides.de\\\/index.php\\\/wie-ihr-uns-wahrnehmt\\\/\",\"url\":\"https:\\\/\\\/www.bike-guides.de\\\/index.php\\\/wie-ihr-uns-wahrnehmt\\\/\",\"name\":\"Wie Ihr uns wahrnehmt... - Bike-Guides Weinheim\",\"isPartOf\":{\"@id\":\"https:\\\/\\\/www.bike-guides.de\\\/#website\"},\"primaryImageOfPage\":{\"@id\":\"https:\\\/\\\/www.bike-guides.de\\\/index.php\\\/wie-ihr-uns-wahrnehmt\\\/#primaryimage\"},\"image\":{\"@id\":\"https:\\\/\\\/www.bike-guides.de\\\/index.php\\\/wie-ihr-uns-wahrnehmt\\\/#primaryimage\"},\"thumbnailUrl\":\"https:\\\/\\\/www.bike-guides.de\\\/wp-content\\\/uploads\\\/2023\\\/04\\\/bewertung.jpg\",\"datePublished\":\"2023-04-11T07:03:14+00:00\",\"dateModified\":\"2023-04-13T12:30:12+00:00\",\"breadcrumb\":{\"@id\":\"https:\\\/\\\/www.bike-guides.de\\\/index.php\\\/wie-ihr-uns-wahrnehmt\\\/#breadcrumb\"},\"inLanguage\":\"de\",\"potentialAction\":[{\"@type\":\"ReadAction\",\"target\":[\"https:\\\/\\\/www.bike-guides.de\\\/index.php\\\/wie-ihr-uns-wahrnehmt\\\/\"]}]},{\"@type\":\"ImageObject\",\"inLanguage\":\"de\",\"@id\":\"https:\\\/\\\/www.bike-guides.de\\\/index.php\\\/wie-ihr-uns-wahrnehmt\\\/#primaryimage\",\"url\":\"https:\\\/\\\/www.bike-guides.de\\\/wp-content\\\/uploads\\\/2023\\\/04\\\/bewertung.jpg\",\"contentUrl\":\"https:\\\/\\\/www.bike-guides.de\\\/wp-content\\\/uploads\\\/2023\\\/04\\\/bewertung.jpg\",\"width\":1999,\"height\":1332,\"caption\":\"5 Stars Lying On Wooden Board - Dutch Angle - Quality Concept\"},{\"@type\":\"BreadcrumbList\",\"@id\":\"https:\\\/\\\/www.bike-guides.de\\\/index.php\\\/wie-ihr-uns-wahrnehmt\\\/#breadcrumb\",\"itemListElement\":[{\"@type\":\"ListItem\",\"position\":1,\"name\":\"Startseite\",\"item\":\"https:\\\/\\\/www.bike-guides.de\\\/\"},{\"@type\":\"ListItem\",\"position\":2,\"name\":\"Wie Ihr uns wahrnehmt&#8230;\"}]},{\"@type\":\"WebSite\",\"@id\":\"https:\\\/\\\/www.bike-guides.de\\\/#website\",\"url\":\"https:\\\/\\\/www.bike-guides.de\\\/\",\"name\":\"Bike-Guides Weinheim\",\"description\":\"Gef\u00fchrte Touren und Events mit dem E-Mountainbike im Odenwald\",\"publisher\":{\"@id\":\"https:\\\/\\\/www.bike-guides.de\\\/#organization\"},\"potentialAction\":[{\"@type\":\"SearchAction\",\"target\":{\"@type\":\"EntryPoint\",\"urlTemplate\":\"https:\\\/\\\/www.bike-guides.de\\\/?s={search_term_string}\"},\"query-input\":{\"@type\":\"PropertyValueSpecification\",\"valueRequired\":true,\"valueName\":\"search_term_string\"}}],\"inLanguage\":\"de\"},{\"@type\":\"Organization\",\"@id\":\"https:\\\/\\\/www.bike-guides.de\\\/#organization\",\"name\":\"Bike-Guides Weinheim\",\"url\":\"https:\\\/\\\/www.bike-guides.de\\\/\",\"logo\":{\"@type\":\"ImageObject\",\"inLanguage\":\"de\",\"@id\":\"https:\\\/\\\/www.bike-guides.de\\\/#\\\/schema\\\/logo\\\/image\\\/\",\"url\":\"https:\\\/\\\/www.bike-guides.de\\\/wp-content\\\/uploads\\\/2022\\\/10\\\/cropped-logo-wei-wei.png\",\"contentUrl\":\"https:\\\/\\\/www.bike-guides.de\\\/wp-content\\\/uploads\\\/2022\\\/10\\\/cropped-logo-wei-wei.png\",\"width\":313,\"height\":250,\"caption\":\"Bike-Guides Weinheim\"},\"image\":{\"@id\":\"https:\\\/\\\/www.bike-guides.de\\\/#\\\/schema\\\/logo\\\/image\\\/\"}}]}<\/script>\n<!-- \/ Yoast SEO plugin. -->","yoast_head_json":{"title":"Wie Ihr uns wahrnehmt... - Bike-Guides Weinheim","robots":{"index":"index","follow":"follow","max-snippet":"max-snippet:-1","max-image-preview":"max-image-preview:large","max-video-preview":"max-video-preview:-1"},"canonical":"https:\/\/www.bike-guides.de\/index.php\/wie-ihr-uns-wahrnehmt\/","og_locale":"de_DE","og_type":"article","og_title":"Wie Ihr uns wahrnehmt... - Bike-Guides Weinheim","og_description":"Wir sammeln hier mal einige Stimmen von euch &#8211; f\u00fcr euch. Kimberly wollte einfach mal ausprobieren, ob E-Bike im Allgemeinen und E-Mountainbike im Besonderen \u00fcberhaupt etwas f\u00fcr sie ist. Sie ist absolute Anf\u00e4ngerin. Wir haben gemeinsam mit einem von uns zur Verf\u00fcgung gestellten Fully, das wir f\u00fcr sie eingestellt haben eine Schnuppertour von ca. 2h &hellip; \u201eWie Ihr uns wahrnehmt&#8230;\u201c weiterlesen","og_url":"https:\/\/www.bike-guides.de\/index.php\/wie-ihr-uns-wahrnehmt\/","og_site_name":"Bike-Guides Weinheim","article_modified_time":"2023-04-13T12:30:12+00:00","og_image":[{"width":1999,"height":1332,"url":"https:\/\/www.bike-guides.de\/wp-content\/uploads\/2023\/04\/bewertung.jpg","type":"image\/jpeg"}],"twitter_card":"summary_large_image","twitter_misc":{"Gesch\u00e4tzte Lesezeit":"2\u00a0Minuten"},"schema":{"@context":"https:\/\/schema.org","@graph":[{"@type":"WebPage","@id":"https:\/\/www.bike-guides.de\/index.php\/wie-ihr-uns-wahrnehmt\/","url":"https:\/\/www.bike-guides.de\/index.php\/wie-ihr-uns-wahrnehmt\/","name":"Wie Ihr uns wahrnehmt... - Bike-Guides Weinheim","isPartOf":{"@id":"https:\/\/www.bike-guides.de\/#website"},"primaryImageOfPage":{"@id":"https:\/\/www.bike-guides.de\/index.php\/wie-ihr-uns-wahrnehmt\/#primaryimage"},"image":{"@id":"https:\/\/www.bike-guides.de\/index.php\/wie-ihr-uns-wahrnehmt\/#primaryimage"},"thumbnailUrl":"https:\/\/www.bike-guides.de\/wp-content\/uploads\/2023\/04\/bewertung.jpg","datePublished":"2023-04-11T07:03:14+00:00","dateModified":"2023-04-13T12:30:12+00:00","breadcrumb":{"@id":"https:\/\/www.bike-guides.de\/index.php\/wie-ihr-uns-wahrnehmt\/#breadcrumb"},"inLanguage":"de","potentialAction":[{"@type":"ReadAction","target":["https:\/\/www.bike-guides.de\/index.php\/wie-ihr-uns-wahrnehmt\/"]}]},{"@type":"ImageObject","inLanguage":"de","@id":"https:\/\/www.bike-guides.de\/index.php\/wie-ihr-uns-wahrnehmt\/#primaryimage","url":"https:\/\/www.bike-guides.de\/wp-content\/uploads\/2023\/04\/bewertung.jpg","contentUrl":"https:\/\/www.bike-guides.de\/wp-content\/uploads\/2023\/04\/bewertung.jpg","width":1999,"height":1332,"caption":"5 Stars Lying On Wooden Board - Dutch Angle - Quality Concept"},{"@type":"BreadcrumbList","@id":"https:\/\/www.bike-guides.de\/index.php\/wie-ihr-uns-wahrnehmt\/#breadcrumb","itemListElement":[{"@type":"ListItem","position":1,"name":"Startseite","item":"https:\/\/www.bike-guides.de\/"},{"@type":"ListItem","position":2,"name":"Wie Ihr uns wahrnehmt&#8230;"}]},{"@type":"WebSite","@id":"https:\/\/www.bike-guides.de\/#website","url":"https:\/\/www.bike-guides.de\/","name":"Bike-Guides Weinheim","description":"Gef\u00fchrte Touren und Events mit dem E-Mountainbike im Odenwald","publisher":{"@id":"https:\/\/www.bike-guides.de\/#organization"},"potentialAction":[{"@type":"SearchAction","target":{"@type":"EntryPoint","urlTemplate":"https:\/\/www.bike-guides.de\/?s={search_term_string}"},"query-input":{"@type":"PropertyValueSpecification","valueRequired":true,"valueName":"search_term_string"}}],"inLanguage":"de"},{"@type":"Organization","@id":"https:\/\/www.bike-guides.de\/#organization","name":"Bike-Guides Weinheim","url":"https:\/\/www.bike-guides.de\/","logo":{"@type":"ImageObject","inLanguage":"de","@id":"https:\/\/www.bike-guides.de\/#\/schema\/logo\/image\/","url":"https:\/\/www.bike-guides.de\/wp-content\/uploads\/2022\/10\/cropped-logo-wei-wei.png","contentUrl":"https:\/\/www.bike-guides.de\/wp-content\/uploads\/2022\/10\/cropped-logo-wei-wei.png","width":313,"height":250,"caption":"Bike-Guides Weinheim"},"image":{"@id":"https:\/\/www.bike-guides.de\/#\/schema\/logo\/image\/"}}]}},"jetpack_sharing_enabled":true,"_links":{"self":[{"href":"https:\/\/www.bike-guides.de\/index.php\/wp-json\/wp\/v2\/pages\/1373","targetHints":{"allow":["GET"]}}],"collection":[{"href":"https:\/\/www.bike-guides.de\/index.php\/wp-json\/wp\/v2\/pages"}],"about":[{"href":"https:\/\/www.bike-guides.de\/index.php\/wp-json\/wp\/v2\/types\/page"}],"author":[{"embeddable":true,"href":"https:\/\/www.bike-guides.de\/index.php\/wp-json\/wp\/v2\/users\/1"}],"replies":[{"embeddable":true,"href":"https:\/\/www.bike-guides.de\/index.php\/wp-json\/wp\/v2\/comments?post=1373"}],"version-history":[{"count":10,"href":"https:\/\/www.bike-guides.de\/index.php\/wp-json\/wp\/v2\/pages\/1373\/revisions"}],"predecessor-version":[{"id":1399,"href":"https:\/\/www.bike-guides.de\/index.php\/wp-json\/wp\/v2\/pages\/1373\/revisions\/1399"}],"wp:featuredmedia":[{"embeddable":true,"href":"https:\/\/www.bike-guides.de\/index.php\/wp-json\/wp\/v2\/media\/1374"}],"wp:attachment":[{"href":"https:\/\/www.bike-guides.de\/index.php\/wp-json\/wp\/v2\/media?parent=1373"}],"curies":[{"name":"wp","href":"https:\/\/api.w.org\/{rel}","templated":true}]}}